{"id":900,"date":"2024-06-04T15:44:27","date_gmt":"2024-06-04T15:44:27","guid":{"rendered":"https:\/\/www.wakeupwinged.com\/de\/?page_id=900"},"modified":"2025-02-01T17:09:37","modified_gmt":"2025-02-01T17:09:37","slug":"online-hypnosetherapie","status":"publish","type":"page","link":"https:\/\/www.wakeupwinged.com\/de\/online-hypnosetherapie\/","title":{"rendered":"Online Hypnosetherapie \u2013 <\/br>Dein Weg zu Innerer St\u00e4rke"},"content":{"rendered":"<h3>Willkommen bei WakeUpWinged Online Hypnosetherapie!<\/h3>\n<div class=\"colourblock-y\">Stell dir vor, du beginnst, dich mit der Zeit immer besser zu f\u00fchlen \u2013 jeden Tag ein St\u00fcckchen leichter, unbeschwerter und freier. Eines Morgens bemerkst du, dass du dich f\u00fchlst, als k\u00f6nntest du schweben &#8230; abheben &#8230; fliegen, weil du so frisch und voller Energie bist.<\/p>\n<p>Wenn du daran glaubst, dass es m\u00f6glich ist, wird es m\u00f6glich. Denn wir gestalten unser Leben durch unsere Gedanken \u2013 von innen nach au\u00dfen. Das ist durchaus nicht einfach nur eine spirituelle \u00dcberzeugung, sondern eine Tatsache die auf unserer K\u00f6rper-Geist-Verbindung beruht. Selbsthypnose ist ein Werkzeug, das dich dabei unterst\u00fctzt, dieses Ziel zu erreichen:<strong>Wache befl\u00fcgelt auf \u2013 wake up winged!<\/strong><\/p>\n<p>Ich kann dir den Weg zeigen.<\/p>\n<\/div>\n<p>F\u00fchlst du dich durch Alltagsstress, Herausforderungen oder mentale Blockaden belastet, die deine Lebensqualit\u00e4t beeintr\u00e4chtigen? Suchst du nach mehr innerer St\u00e4rke und einem erf\u00fcllteren Leben? Dann bist du hier genau richtig.<\/p>\n<p>Bei WakeUpWinged biete ich subklinische Hypnosetherapie und Hypnocoaching an, um dich auf deinem Weg zur besten Version deiner selbst zu begleiten. Wir arbeiten daran, mentale Barrieren zu durchbrechen und dein Leben positiv zu ver\u00e4ndern \u2013 frei von einschr\u00e4nkenden Glaubenss\u00e4tzen und allt\u00e4glichen \u00c4ngsten. Meine subklinische Hypnosetherapie unterst\u00fctzt dich dabei, Resilienz und Wohlbefinden zu entwickeln.<\/p>\n<blockquote><p>Pers\u00f6nliche Ver\u00e4nderung durch kognitive Verhaltenstherapie (CBT) kombiniert mit Hypnose \u2013 ein evidenzbasierter Ansatz f\u00fcr nachhaltigen Wandel im subklinischen Bereich.<\/p><\/blockquote>\n<h3>Was ist Hypnosetherapie mit CBT?<\/h3>\n<p><strong>Hypnosetherapie<\/strong> kombiniert die tiefenentspannende und transformative Kraft der Hypnose mit der strukturierten Herangehensweise der kognitiven Verhaltenstherapie (CBT), um ungesunde Denkmuster zu ver\u00e4ndern und positive Verhaltensweisen zu st\u00e4rken.<\/p>\n<p>Diese Methode wird erfolgreich bei subklinischen Themen wie Stress, normalen \u00c4ngsten, Schlafproblemen und ung\u00fcnstigen Gewohnheiten eingesetzt. Als zertifizierte Hypno-CBT\u00ae-Praktikerin nutze ich bew\u00e4hrte Techniken, die durch Forschung und Praxis gest\u00fctzt sind.<\/p>\n<p>Die Kombination von CBT mit Hypnose erm\u00f6glicht es uns, das Unterbewusstsein zu erreichen und tief verwurzelte \u00dcberzeugungen und Verhaltensweisen neu zu gestalten. Diese Therapieform ist besonders hilfreich, um Stress abzubauen, allt\u00e4gliche \u00c4ngste zu \u00fcberwinden oder festgefahrene Denkmuster aufzul\u00f6sen.<\/p>\n<h3>Subklinische Anwendungsgebiete der Hypnosetherapie<\/h3>\n<p>Mit subklinischer Hypnosetherapie k\u00f6nnen eine Vielzahl von Problemen behandelt werden, die dein t\u00e4gliches Wohlbefinden beeintr\u00e4chtigen, darunter:<\/p>\n<ul>\n<li><strong>Normale \u00c4ngste<\/strong>: Hypnose kann helfen, allt\u00e4gliche Sorgen und Anspannungen zu mindern.<\/li>\n<li><strong>Phobien<\/strong>: Hypnose kann die Angst vor bestimmten Situationen, wie zum Beispiel H\u00f6henangst oder Flugangst, lindern.<\/li>\n<li><strong>Stress<\/strong>: Lerne, stressige Situationen besser zu bew\u00e4ltigen und zur Ruhe zu kommen.<\/li>\n<li><strong>Schlechte Angewohnheiten<\/strong>: Wie N\u00e4gelkauen oder ungesunde Essgewohnheiten \u2013 Hypnose unterst\u00fctzt dich dabei, ungewollte Verhaltensmuster zu durchbrechen.<\/li>\n<li><strong>Tics und unwillk\u00fcrliche Verhaltensweisen<\/strong>: Hypnose kann helfen, kleinere k\u00f6rperliche Tics zu reduzieren und Kontrolle zur\u00fcckzugewinnen.<\/li>\n<\/ul>\n<h3>Online-Hypnosetherapie: Wie funktioniert sie?<\/h3>\n<p><strong>Online-Hypnosetherapie<\/strong> bietet dir den Vorteil, bequem von zu Hause aus an deiner pers\u00f6nlichen Weiterentwicklung zu arbeiten. Da ich ausschlie\u00dflich online arbeite und meine klinische Qualifikation nur in bestimmten Regionen ohne lokale Lizenzvorgaben gilt, biete ich ausschlie\u00dflich subklinische Hypnosetherapie und Hypnocoaching an.<\/p>\n<p>Hier erf\u00e4hrst du, wie unsere Sitzungen ablaufen und was du im Vorfeld beachten solltest:<\/p>\n<ul>\n<li><strong>Plattform<\/strong>: Die Sitzungen finden \u00fcber Zoom statt, was dir Flexibilit\u00e4t bietet. Alles, was du ben\u00f6tigst, ist eine stabile Internetverbindung und einen ruhigen, ungest\u00f6rten Ort, an dem du dich wohlf\u00fchlst.<\/li>\n<li><strong>Vorbereitung<\/strong>: Vor der Sitzung erh\u00e4ltst du Materialien, die dir helfen, dich auf das Thema vorzubereiten. Diese k\u00f6nnen Informationen oder \u00dcbungen enthalten, die wir w\u00e4hrend der Sitzung besprechen.<\/li>\n<li><strong>Kostenloses Erstgespr\u00e4ch<\/strong>: Bevor wir mit der eigentlichen Therapie beginnen, biete ich dir ein **20-min\u00fctiges kostenloses Erstgespr\u00e4ch** an. In diesem Gespr\u00e4ch lernen wir uns kennen, kl\u00e4ren deine Ziele und Fragen und entscheiden gemeinsam, wie die Therapie ablaufen soll.<\/li>\n<li><strong>Sitzungen<\/strong>: Jede Sitzung dauert in der Regel 60 bis 90 Minuten. Wir beginnen mit einem kurzen Gespr\u00e4ch \u00fcber deine Fortschritte und Ziele, bevor wir in die Hypnose eintreten. W\u00e4hrend der Hypnose befindest du dich in einem tiefenentspannten Zustand, in dem wir gezielt an deinen mentalen Herausforderungen arbeiten.<\/li>\n<li><strong>Nachbereitung<\/strong>: Nach der Sitzung gebe ich dir oft \u00dcbungen oder Aufgaben mit, um die erarbeiteten Erkenntnisse zu vertiefen und in deinen Alltag zu integrieren.<\/li>\n<\/ul>\n<p>Online-Hypnosetherapie ist eine flexible und effektive M\u00f6glichkeit, therapeutische Unterst\u00fctzung zu erhalten \u2013 unabh\u00e4ngig davon, wo du dich befindest. Alles, was du brauchst, ist eine positive Einstellung, ein ruhiger Raum und die Bereitschaft, Ver\u00e4nderungen zuzulassen.<\/p>\n<h3>Vorteile der kognitiven Verhaltenstherapie mit Hypnose (Hypno-CBT\u00ae)<\/h3>\n<p>Hypno-CBT\u00ae ist eine wissenschaftlich gest\u00fctzte Methode, die kognitive Umstrukturierung mit hypnotischen Techniken kombiniert.<\/p>\n<p>Studien zeigen, dass kognitive Verhaltenstherapie mit Hypnose bei der Bew\u00e4ltigung von Stress, normalen \u00c4ngsten, Phobien und unerw\u00fcnschten Verhaltensmustern besonders wirksam ist. Sie kann auch helfen, ungesunde Gewohnheiten wie Rauchen oder \u00fcberm\u00e4\u00dfigen Alkoholkonsum zu beenden.<\/p>\n<p>Die Therapie f\u00f6rdert nicht nur schnelle Ergebnisse, sondern bef\u00e4higt dich auch langfristig, deine eigenen mentalen Herausforderungen zu meistern \u2013 du wirst lernen, dich selbst zu therapieren und deine inneren St\u00e4rken zu nutzen.<\/p>\n<h3>Beginne deinen Weg zur Ver\u00e4nderung noch heute!<\/h3>\n<p>Mit <strong>Online-Hypnosetherapie<\/strong> kannst du die Hindernisse \u00fcberwinden, die dich davon abhalten, dein volles Potenzial zu entfalten. Kontaktiere mich noch heute f\u00fcr dein erstes Beratungsgespr\u00e4ch und mache den ersten Schritt zu einem ausgeglichenen und erf\u00fcllten Leben.<\/p>\n<h3>Jetzt Kontakt aufnehmen!<\/h3>\n<p>Kontaktiere mich f\u00fcr ein unverbindliches Erstgespr\u00e4ch und mache den ersten Schritt zu mehr innerer Balance und einem erf\u00fcllten Leben.<\/p>\n<ul>\n<li><strong>Erstgespr\u00e4ch:<\/strong> Kostenlos (20 Minuten)<\/li>\n<li><strong>Einzelsitzung:<\/strong> 119 \u20ac (60 Minuten)<\/li>\n<li><strong>Paket:<\/strong> 5 Sitzungen zum Preis von 4 \u2013 <del>\u20ac595<\/del> \u00a0476 \u20ac<\/li>\n<\/ul>\n<p><a class=\"wp-block-button__link has-background-color has-tertiary-background-color has-text-color has-background wp-element-button\" style=\"text-decoration: none;\" href=\"https:\/\/www.wakeupwinged.com\/de\/kontakt\">Jetzt kontaktieren<\/a><\/p>\n<p>Erfahre <a href=\"https:\/\/www.wakeupwinged.com\/de\/ueber-die-therapeutin\/\">hier mehr \u00fcber mich<\/a>.<\/p>\n","protected":false},"excerpt":{"rendered":"<p>Willkommen bei WakeUpWinged Online Hypnosetherapie! Stell dir vor, du beginnst, dich mit der Zeit immer besser zu f\u00fchlen \u2013 jeden Tag ein St\u00fcckchen leichter, unbeschwerter und freier. Eines Morgens&#8230;<\/p>\n","protected":false},"author":1,"featured_media":0,"parent":0,"menu_order":0,"comment_status":"closed","ping_status":"closed","template":"page-with-right-sidebar","meta":{"footnotes":""},"yoast_head":"<!-- This site is optimized with the Yoast SEO plugin v22.8 - https:\/\/yoast.com\/wordpress\/plugins\/seo\/ -->\n<title>Online Hypnosetherapie \u2013 Dein Weg zu Innerer St\u00e4rke - WakeUpWinged<\/title>\n<meta name=\"description\" content=\"Effektive Hypnosetherapie online, kombiniert mit kognitiver Verhaltenstherapie (CBT), um \u00c4ngste, Stress und unerw\u00fcnschte Gewohnheiten zu \u00fcberwinden. Erfahre nachhaltige Ver\u00e4nderung und pers\u00f6nliches Wohlbefinden \u2013 bequem von zu Hause aus.\" \/>\n<meta name=\"robots\" content=\"index, follow, max-snippet:-1, max-image-preview:large, max-video-preview:-1\" \/>\n<link rel=\"canonical\" href=\"https:\/\/www.wakeupwinged.com\/de\/online-hypnosetherapie\/\" \/>\n<meta property=\"og:locale\" content=\"de_DE\" \/>\n<meta property=\"og:type\" content=\"article\" \/>\n<meta property=\"og:title\" content=\"Online Hypnosetherapie \u2013 Dein Weg zu Innerer St\u00e4rke - WakeUpWinged\" \/>\n<meta property=\"og:description\" content=\"Effektive Hypnosetherapie online, kombiniert mit kognitiver Verhaltenstherapie (CBT), um \u00c4ngste, Stress und unerw\u00fcnschte Gewohnheiten zu \u00fcberwinden. Erfahre nachhaltige Ver\u00e4nderung und pers\u00f6nliches Wohlbefinden \u2013 bequem von zu Hause aus.\" \/>\n<meta property=\"og:url\" content=\"https:\/\/www.wakeupwinged.com\/de\/online-hypnosetherapie\/\" \/>\n<meta property=\"og:site_name\" content=\"WakeUpWinged\" \/>\n<meta property=\"article:modified_time\" content=\"2025-02-01T17:09:37+00:00\" \/>\n<meta name=\"twitter:card\" content=\"summary_large_image\" \/>\n<meta name=\"twitter:label1\" content=\"Gesch\u00e4tzte Lesezeit\" \/>\n\t<meta name=\"twitter:data1\" content=\"5\u00a0Minuten\" \/>\n<script type=\"application\/ld+json\" class=\"yoast-schema-graph\">{\"@context\":\"https:\/\/schema.org\",\"@graph\":[{\"@type\":\"WebPage\",\"@id\":\"https:\/\/www.wakeupwinged.com\/de\/online-hypnosetherapie\/\",\"url\":\"https:\/\/www.wakeupwinged.com\/de\/online-hypnosetherapie\/\",\"name\":\"Online Hypnosetherapie \u2013 Dein Weg zu Innerer St\u00e4rke - WakeUpWinged\",\"isPartOf\":{\"@id\":\"https:\/\/www.wakeupwinged.com\/de\/#website\"},\"datePublished\":\"2024-06-04T15:44:27+00:00\",\"dateModified\":\"2025-02-01T17:09:37+00:00\",\"description\":\"Effektive Hypnosetherapie online, kombiniert mit kognitiver Verhaltenstherapie (CBT), um \u00c4ngste, Stress und unerw\u00fcnschte Gewohnheiten zu \u00fcberwinden. Erfahre nachhaltige Ver\u00e4nderung und pers\u00f6nliches Wohlbefinden \u2013 bequem von zu Hause aus.\",\"breadcrumb\":{\"@id\":\"https:\/\/www.wakeupwinged.com\/de\/online-hypnosetherapie\/#breadcrumb\"},\"inLanguage\":\"de\",\"potentialAction\":[{\"@type\":\"ReadAction\",\"target\":[\"https:\/\/www.wakeupwinged.com\/de\/online-hypnosetherapie\/\"]}]},{\"@type\":\"BreadcrumbList\",\"@id\":\"https:\/\/www.wakeupwinged.com\/de\/online-hypnosetherapie\/#breadcrumb\",\"itemListElement\":[{\"@type\":\"ListItem\",\"position\":1,\"name\":\"Startseite\",\"item\":\"https:\/\/www.wakeupwinged.com\/de\/\"},{\"@type\":\"ListItem\",\"position\":2,\"name\":\"Online Hypnosetherapie \u2013 Dein Weg zu Innerer St\u00e4rke\"}]},{\"@type\":\"WebSite\",\"@id\":\"https:\/\/www.wakeupwinged.com\/de\/#website\",\"url\":\"https:\/\/www.wakeupwinged.com\/de\/\",\"name\":\"WakeUpWinged\",\"description\":\"Erhebende Hypnotherapy\",\"publisher\":{\"@id\":\"https:\/\/www.wakeupwinged.com\/de\/#organization\"},\"potentialAction\":[{\"@type\":\"SearchAction\",\"target\":{\"@type\":\"EntryPoint\",\"urlTemplate\":\"https:\/\/www.wakeupwinged.com\/de\/?s={search_term_string}\"},\"query-input\":\"required name=search_term_string\"}],\"inLanguage\":\"de\"},{\"@type\":\"Organization\",\"@id\":\"https:\/\/www.wakeupwinged.com\/de\/#organization\",\"name\":\"WakeUpWinged\",\"url\":\"https:\/\/www.wakeupwinged.com\/de\/\",\"logo\":{\"@type\":\"ImageObject\",\"inLanguage\":\"de\",\"@id\":\"https:\/\/www.wakeupwinged.com\/de\/#\/schema\/logo\/image\/\",\"url\":\"https:\/\/www.wakeupwinged.com\/de\/wp-content\/uploads\/sites\/2\/2024\/06\/Logo-150.png\",\"contentUrl\":\"https:\/\/www.wakeupwinged.com\/de\/wp-content\/uploads\/sites\/2\/2024\/06\/Logo-150.png\",\"width\":150,\"height\":150,\"caption\":\"WakeUpWinged\"},\"image\":{\"@id\":\"https:\/\/www.wakeupwinged.com\/de\/#\/schema\/logo\/image\/\"}}]}<\/script>\n<!-- \/ Yoast SEO plugin. -->","yoast_head_json":{"title":"Online Hypnosetherapie \u2013 Dein Weg zu Innerer St\u00e4rke - WakeUpWinged","description":"Effektive Hypnosetherapie online, kombiniert mit kognitiver Verhaltenstherapie (CBT), um \u00c4ngste, Stress und unerw\u00fcnschte Gewohnheiten zu \u00fcberwinden. Erfahre nachhaltige Ver\u00e4nderung und pers\u00f6nliches Wohlbefinden \u2013 bequem von zu Hause aus.","robots":{"index":"index","follow":"follow","max-snippet":"max-snippet:-1","max-image-preview":"max-image-preview:large","max-video-preview":"max-video-preview:-1"},"canonical":"https:\/\/www.wakeupwinged.com\/de\/online-hypnosetherapie\/","og_locale":"de_DE","og_type":"article","og_title":"Online Hypnosetherapie \u2013 Dein Weg zu Innerer St\u00e4rke - WakeUpWinged","og_description":"Effektive Hypnosetherapie online, kombiniert mit kognitiver Verhaltenstherapie (CBT), um \u00c4ngste, Stress und unerw\u00fcnschte Gewohnheiten zu \u00fcberwinden. Erfahre nachhaltige Ver\u00e4nderung und pers\u00f6nliches Wohlbefinden \u2013 bequem von zu Hause aus.","og_url":"https:\/\/www.wakeupwinged.com\/de\/online-hypnosetherapie\/","og_site_name":"WakeUpWinged","article_modified_time":"2025-02-01T17:09:37+00:00","twitter_card":"summary_large_image","twitter_misc":{"Gesch\u00e4tzte Lesezeit":"5\u00a0Minuten"},"schema":{"@context":"https:\/\/schema.org","@graph":[{"@type":"WebPage","@id":"https:\/\/www.wakeupwinged.com\/de\/online-hypnosetherapie\/","url":"https:\/\/www.wakeupwinged.com\/de\/online-hypnosetherapie\/","name":"Online Hypnosetherapie \u2013 Dein Weg zu Innerer St\u00e4rke - WakeUpWinged","isPartOf":{"@id":"https:\/\/www.wakeupwinged.com\/de\/#website"},"datePublished":"2024-06-04T15:44:27+00:00","dateModified":"2025-02-01T17:09:37+00:00","description":"Effektive Hypnosetherapie online, kombiniert mit kognitiver Verhaltenstherapie (CBT), um \u00c4ngste, Stress und unerw\u00fcnschte Gewohnheiten zu \u00fcberwinden. Erfahre nachhaltige Ver\u00e4nderung und pers\u00f6nliches Wohlbefinden \u2013 bequem von zu Hause aus.","breadcrumb":{"@id":"https:\/\/www.wakeupwinged.com\/de\/online-hypnosetherapie\/#breadcrumb"},"inLanguage":"de","potentialAction":[{"@type":"ReadAction","target":["https:\/\/www.wakeupwinged.com\/de\/online-hypnosetherapie\/"]}]},{"@type":"BreadcrumbList","@id":"https:\/\/www.wakeupwinged.com\/de\/online-hypnosetherapie\/#breadcrumb","itemListElement":[{"@type":"ListItem","position":1,"name":"Startseite","item":"https:\/\/www.wakeupwinged.com\/de\/"},{"@type":"ListItem","position":2,"name":"Online Hypnosetherapie \u2013 Dein Weg zu Innerer St\u00e4rke"}]},{"@type":"WebSite","@id":"https:\/\/www.wakeupwinged.com\/de\/#website","url":"https:\/\/www.wakeupwinged.com\/de\/","name":"WakeUpWinged","description":"Erhebende Hypnotherapy","publisher":{"@id":"https:\/\/www.wakeupwinged.com\/de\/#organization"},"potentialAction":[{"@type":"SearchAction","target":{"@type":"EntryPoint","urlTemplate":"https:\/\/www.wakeupwinged.com\/de\/?s={search_term_string}"},"query-input":"required name=search_term_string"}],"inLanguage":"de"},{"@type":"Organization","@id":"https:\/\/www.wakeupwinged.com\/de\/#organization","name":"WakeUpWinged","url":"https:\/\/www.wakeupwinged.com\/de\/","logo":{"@type":"ImageObject","inLanguage":"de","@id":"https:\/\/www.wakeupwinged.com\/de\/#\/schema\/logo\/image\/","url":"https:\/\/www.wakeupwinged.com\/de\/wp-content\/uploads\/sites\/2\/2024\/06\/Logo-150.png","contentUrl":"https:\/\/www.wakeupwinged.com\/de\/wp-content\/uploads\/sites\/2\/2024\/06\/Logo-150.png","width":150,"height":150,"caption":"WakeUpWinged"},"image":{"@id":"https:\/\/www.wakeupwinged.com\/de\/#\/schema\/logo\/image\/"}}]}},"_links":{"self":[{"href":"https:\/\/www.wakeupwinged.com\/de\/wp-json\/wp\/v2\/pages\/900"}],"collection":[{"href":"https:\/\/www.wakeupwinged.com\/de\/wp-json\/wp\/v2\/pages"}],"about":[{"href":"https:\/\/www.wakeupwinged.com\/de\/wp-json\/wp\/v2\/types\/page"}],"author":[{"embeddable":true,"href":"https:\/\/www.wakeupwinged.com\/de\/wp-json\/wp\/v2\/users\/1"}],"replies":[{"embeddable":true,"href":"https:\/\/www.wakeupwinged.com\/de\/wp-json\/wp\/v2\/comments?post=900"}],"version-history":[{"count":105,"href":"https:\/\/www.wakeupwinged.com\/de\/wp-json\/wp\/v2\/pages\/900\/revisions"}],"predecessor-version":[{"id":2685,"href":"https:\/\/www.wakeupwinged.com\/de\/wp-json\/wp\/v2\/pages\/900\/revisions\/2685"}],"wp:attachment":[{"href":"https:\/\/www.wakeupwinged.com\/de\/wp-json\/wp\/v2\/media?parent=900"}],"curies":[{"name":"wp","href":"https:\/\/api.w.org\/{rel}","templated":true}]}}