{"id":898,"date":"2024-06-04T15:41:59","date_gmt":"2024-06-04T15:41:59","guid":{"rendered":"https:\/\/www.wakeupwinged.com\/de\/?page_id=898"},"modified":"2024-09-24T14:37:52","modified_gmt":"2024-09-24T14:37:52","slug":"werde-zur-besten-version-von-dir-selbst","status":"publish","type":"page","link":"https:\/\/www.wakeupwinged.com\/de\/werde-zur-besten-version-von-dir-selbst\/","title":{"rendered":"Werde zur Besten Version von Dir Selbst"},"content":{"rendered":"<p>F\u00fchlst du dich oft deprimiert, gefangen oder von \u00c4ngsten gehemmt? Scheint dein Leben irgendwie festgefahren?<\/p>\n<p>Hast du das Gef\u00fchl, nicht weiterzukommen, weil du deine Probleme und Limitierungen nicht \u00fcberwinden kannst?<\/p>\n<p>Es kann schwer sein, sich in solchen Momenten vorzustellen, dass dein Leben anders sein k\u00f6nnte \u2013 dass du anders sein k\u00f6nntest. Aber glaub mir, genau das kannst du.<\/p>\n<p>Die Version von dir selbst, die du jetzt bist, bist du aufgrund der Art und Weise, wie sich dein Gehirn und Nervensystem im Laufe deines Lebens aufgrund von Erfahrungen und Gewohnheiten strukturiert haben. Wenn du mit psychischen Problemen zu k\u00e4mpfen hast, dann haben sich in deinem inneren System Gewohnheiten und Strukturen ausgebildet, die f\u00fcr dich nicht hilfreich sind.<\/p>\n<blockquote><p>Wenn es dich belastet, wie du derzeit &#8222;funktionierst&#8220;, dann hast du quasi spezielle &#8222;Fehlfunktionen&#8220; im System und brauchst ein &#8222;Upgrade&#8220;.<\/p><\/blockquote>\n<p>Ich verwende den Vergleich mit Software gerne, weil es eine gut verst\u00e4ndliche Analogie darstellt.<\/p>\n<p>Du kannst dich \u00e4ndern, dein inneres System, wie du denkst und f\u00fchlst, ist wandelbar. Dank der Neuroplastizit\u00e4t deines Gehirns.<\/p>\n<p>Das bedeutet, dass du die Struktur deines Gehirns positiv ver\u00e4ndern kannst. Dahingehend, dass du z.B. unn\u00f6tige Angstreaktionen los wirst, weniger Stress empfindest, gelassener in bestimmten Situationen wirst usw. Was auch immer es ist, dass du \u00fcberwinden m\u00f6chtest \u2013 dein Gehirn ist jederzeit bereit f\u00fcr Ver\u00e4nderung.<\/p>\n<h2>Dein bestes Zukunfts-Ich schlummert bereits in dir<\/h2>\n<p>Stell dir vor, wie dein Leben aussehen w\u00fcrde, wenn du alle deine Einschr\u00e4nkungen und \u00c4ngste \u00fcberwunden h\u00e4ttest.<\/p>\n<p>Es g\u00e4be einfach nichts mehr, was dich st\u00e4ndig zur\u00fcckh\u00e4lt oder davon abh\u00e4lt, endlich so zu leben, wie du es dir w\u00fcnschst \u2013 als der Mensch, der du sein m\u00f6chtest.<\/p>\n<p>Ich wei\u00df genau, wie es dir geht, und ich bin hier, um dir zu zeigen, dass Ver\u00e4nderung auch f\u00fcr dich m\u00f6glich ist. Der Schl\u00fcssel liegt darin, dein Inneres zu transformieren, denn die Welt ist unser Spiegel.<\/p>\n<p>Wenn du dich innerlich ver\u00e4nderst, wird sich auch dein Leben ver\u00e4ndern. Durch den therapeutischen Weg von innen nach au\u00dfen kannst du das Leben erschaffen und anziehen, das zu deinem neuen Inneren passt.<\/p>\n<h2>Stell dir deine beste Version vor<\/h2>\n<p>Stell dir vor, wie es sich anf\u00fchlen muss, morgens als die beste Version von dir selbst aufzuwachen. In v\u00f6lliger Harmonie mit deinen individuellen St\u00e4rken und Schw\u00e4chen, dein volles Potenzial auslebend.<\/p>\n<blockquote><p>Die Erfahrung aus Hypnose und Neuroplastizit\u00e4t zeigt: Was du dir vorstellen kannst, kannst du auch werden.<\/p><\/blockquote>\n<p>Stell dir vor, du w\u00e4rst in der besten Form in der du je warst. K\u00f6rperlich, seelisch, moralisch, einfach rundum. In allen Bereichen deines Lebens w\u00fcrdest du dich kompetent, selbstsicher und entspannt f\u00fchlen. Deine Arbeit, deine Beziehungen, deine Fitness \u2013 mit allen w\u00e4rst du happy und du w\u00e4rst stolz auf dich wie du dein Leben entspannt im Griff hast.<\/p>\n<p>Gleichzeitig h\u00e4ttest du die D\u00e4monen in deinem Leben besiegt, Relikte aus deiner Kindheit in Form von \u00c4ngsten, Selbstzweifeln und limitierenden negativen Glaubenss\u00e4tzen.<\/p>\n<p>Stell dir vor, jeden Tag dankbar und gl\u00fccklich \u00fcber die Person zu sein, die du bist. Diese alten negativen Einfl\u00fcsse sind nur noch vage Erinnerungen, die gef\u00fchlt weit in der Vergangenheit liegen. Sie sind einfach nicht mehr Teil von dir.<\/p>\n<p>Du w\u00e4rst in v\u00f6lliger Harmonie mit dir selbst und deinem Leben, w\u00fcrdest jeden Morgen mit einem dankbaren, hingebungsvollen Gef\u00fchl dem Leben gegen\u00fcber aufwachen. Der erste Gedanke des Tages, der dir ganz nat\u00fcrlich in den Sinn kommt, w\u00e4re tiefe Dankbarkeit, dass du gl\u00fccklich \u00fcber dein Leben bist. Gl\u00fccklich \u00fcber die Person, die du jetzt bist.<\/p>\n<h2>Erkenne endlich deinen Weg zum Erfolg<\/h2>\n<p>Die beste Version von dir selbst zu werden, beginnt mit einer klaren Vision von dem, wer du im Innersten bist, was dir liegt, was du brauchst \u2013 was deine grundlegenden Werte sind. Deine pers\u00f6nlichen Werte bestimmen deinen Weg zu deinem individuellen Erfolg.<\/p>\n<p>Oft ist es f\u00fcr uns selbst schwer innere Klarheit zu schaffen. Einfach weil wir es oft nicht gelernt haben in Bezug auf uns selbst klar zu denken. Wenn sich dein Innenleben anf\u00fchlt wie ein Chaos, ist es wie ein Schrank in dem Schubladen und Kleiderb\u00fcgel fehlen um Ordnung und Struktur zu schaffen.<\/p>\n<blockquote><p>Das Ziel ist es, morgens aufzuwachen und klar zu wissen, wo du stehst, wo du hin willst, was dir wichtig ist, was dich gl\u00fccklich macht und was daf\u00fcr heute zu tun ist.<\/p><\/blockquote>\n<p>Wichtig auf dem Weg der inneren Ordnung ist eine realistische Momentaufnahme \u2013 einer sehr ehrlichen Momentaufnahme \u2013 von dem, wo du im Moment stehst. Nur wenn du wei\u00dft, wo du stehst, kannst du dich in die richtige Richtung weiterbewegen.<\/p>\n<h2>Wie du zur Besten Version von dir selbst wirst<\/h2>\n<p>Liebend gern helfe ich dir dabei:<\/p>\n<h3>Selbsthypnose + kostenlose Tipps und Anleitungen<\/h3>\n<p>Auf meiner Website findest du eine Vielzahl von kostenlosen Tipps und Inspiration, wie du dich selbst therapieren und \u00fcber dich hinauswachsen kannst. Erg\u00e4nzt wird dies durch teils kostenlose und teils g\u00fcnstige Selbst-Hypnose-Audio-Dateien, die dich dabei unterst\u00fctzen. Die Audios muss ich erst noch zusammen stellen. Du findest die hier demn\u00e4chst :).<\/p>\n<p><a href=\"https:\/\/www.wakeupwinged.com\/de\/selbst-optimierung\/inspiration\/\">Zum Blog<\/a><\/p>\n<h3>Individuelle Hypnosetherapie<\/h3>\n<p>F\u00fcr eine intensivere und pers\u00f6nlichere Unterst\u00fctzung biete ich direkte therapeutische Hilfe durch individuelle Hypnosetherapie an. In diesen Sitzungen arbeiten wir gezielt an deinen individuellen Herausforderungen und am Schluss wirst du deine eigene Therapeutin sein, die dich kraftvoll und spielerisch durchs Leben leitet.<\/p>\n<p><a href=\"https:\/\/www.wakeupwinged.com\/de\/online-hypnosetherapie\/\">Mehr \u00fcber die Hypnotherapie<\/a><\/p>\n<h3>Online-Intensiv-Kurs<\/h3>\n<p>Mein Online-Intensiv-Kurs f\u00fchrt dich strategisch durch psychologische Aufkl\u00e4rung dar\u00fcber wie du tickst, Selbsthypnose und \u00dcbungen, um die beste Version von dir selbst zu werden. Dieser Kurs ist so konzipiert, dass du Schritt f\u00fcr Schritt die Gedanken, Werkzeuge und Techniken erlernst, die du ben\u00f6tigst, um stark, gl\u00fccklich, zufrieden und erfolgreich zu sein \u2013 erfolgreich in dem, was dir pers\u00f6nlich wichtig ist.<\/p>\n<p><a href=\"#\">Demn\u00e4chst<\/a><\/p>\n<h3>Lass mich dir helfen deine L\u00f6sung zu finden<\/h3>\n<p>Wenn du Hilfe suchst, lass es mich wissen! Ich bin leidenschaftliche Selbstentwicklungs-Spezialistin und kognitive Verhaltens-Hypnotherapeutin.<\/p>\n<p>Nachdem ich mein eigenes Traumleben und mein bestes Selbst erschaffen habe, habe ich einen professionellen akademischen Abschluss als Therapeutin erworben, um dir effizient, strukturiert und kraftvoll dabei helfen zu k\u00f6nnen, dasselbe zu tun.<\/p>\n<blockquote><p>Das ist es, was ich als Hypnotherapeutin gelernt habe \u2013 wie ich dir helfen kann, dich schnell, effizient und effektiv in eine bessere Version von dir selbst zu verwandeln.<\/p><\/blockquote>\n<p>Ja, es ist alles m\u00f6glich, wir k\u00f6nnen alles an uns \u00e4ndern, wirklich alles \u2013 die einzige Sache ist: Wir m\u00fcssen es wollen, wirklich wollen \u2013 und uns dieser Ver\u00e4nderung widmen. Die innere Einstellung \u201eJa!\u201c ist alles, was du brauchst! \u201eJa, ich will mich wirklich zu meinem besten Selbst entwickeln, ab jetzt! Ja!\u201c<\/p>\n<p>Erfahre <a href=\"https:\/\/www.wakeupwinged.com\/de\/ueber-die-therapeutin\/\">hier mehr \u00fcber mich<\/a>.<\/p>\n<h2>In dir ruht eine enorme kreative Quelle der Kraft \u2013 entdecke sie!<\/h2>\n<p>Egal, wo du im Leben gerade stehst, der Wunsch nach Verbesserung ist universell. Wenn du nicht bereits eine erleuchtete Seele wie der Dalai Lama bist, gibt es immer Raum, um sich weiterzuentwickeln und aufzubl\u00fchen.<\/p>\n<p>Wenn du den Weg zu dieser Seite gefunden hast, ringst du wahrscheinlich mit Herausforderungen \u2013 sei es anhaltende \u00c4ngste, Sorgen, depressive Stimmungen, die Fesseln schlechter Gewohnheiten oder ein Gef\u00fchl der beruflichen Stagnation.<\/p>\n<p>Die Quelle, aus der du dein bestes Selbst entwickeln kannst, liegt in deinem Inneren und wartet darauf, angezapft und nutzbar gemacht zu werden. Mit Unterst\u00fctzung kannst du deine verborgene St\u00e4rke freilegen und sie pflegen, bis du eines Tages aufwachst und feststellst, dass du dich in ein neues Selbst verwandelt hast \u2013 ein Selbst, das vor Kraft, St\u00e4rke, Selbstvertrauen und Widerstandsf\u00e4higkeit strotzt.<\/p>\n<h2>Entfessle dein einzigartiges bestes Selbst<\/h2>\n<p>Ob du dich nach verbesserter geistiger Gesundheit, Gelassenheit, Belastbarkeit, Kreativit\u00e4t, Selbstvertrauen, St\u00e4rke, Mut, einem klaren Fokus, Einf\u00fchlungsverm\u00f6gen, Durchsetzungsverm\u00f6gen, einem fitteren K\u00f6rper oder Ruhe &amp; Zufriedenheit sehnst \u2013 der Weg zu deinem besten Selbst stimmt mit deinen tiefsten W\u00fcnschen \u00fcberein.<\/p>\n<blockquote><p>Jedes Ziel hat einen Weg, und du kannst zweifellos die beste Version von dir selbst werden \u2013 vorausgesetzt, du triffst die Entscheidung, dies zu tun.<\/p><\/blockquote>\n<p>Die Reise beginnt mit einem einzigen Schritt. Wenn du unsicher bist, wie du beginnen sollst, suche Rat bei jemandem, der das Terrain kennt, bei jemandem wie mir \u2013 einer leidenschaftlichen Therapeutin, die diesen Weg schon gegangen ist.<\/p>\n<p>Meine pers\u00f6nliche Reise dient als Beweis f\u00fcr diese Wahrheit: Du kannst dich von einer Larve in einen Schmetterling verwandeln, wenn du es willst. Engagiere dich f\u00fcr den Prozess, sei beharrlich, behalte dein Ziel fest im Auge \u2013 und der Erfolg wird sich einstellen.<\/p>\n<p>Stell dir dein zuk\u00fcnftiges Ich vor, nimm die unglaubliche M\u00f6glichkeit wahr, diese Person zu sein, und sei dir sicher, dass du es erreichen kannst. Die Reise zu deinem gro\u00dfartigsten Selbst beginnt jetzt \u2013 und ich bin hier, um dich auf diesem Weg zu begleiten.<\/p>\n","protected":false},"excerpt":{"rendered":"<p>F\u00fchlst du dich oft deprimiert, gefangen oder von \u00c4ngsten gehemmt? Scheint dein Leben irgendwie festgefahren? Hast du das Gef\u00fchl, nicht weiterzukommen, weil du deine Probleme und Limitierungen nicht \u00fcberwinden&#8230;<\/p>\n","protected":false},"author":1,"featured_media":0,"parent":0,"menu_order":0,"comment_status":"closed","ping_status":"closed","template":"page-with-right-sidebar","meta":{"footnotes":""},"yoast_head":"<!-- This site is optimized with the Yoast SEO plugin v22.8 - https:\/\/yoast.com\/wordpress\/plugins\/seo\/ -->\n<title>Werde zur Besten Version von Dir Selbst - WakeUpWinged<\/title>\n<meta name=\"robots\" content=\"index, follow, max-snippet:-1, max-image-preview:large, max-video-preview:-1\" \/>\n<link rel=\"canonical\" href=\"https:\/\/www.wakeupwinged.com\/de\/werde-zur-besten-version-von-dir-selbst\/\" \/>\n<meta property=\"og:locale\" content=\"de_DE\" \/>\n<meta property=\"og:type\" content=\"article\" \/>\n<meta property=\"og:title\" content=\"Werde zur Besten Version von Dir Selbst - WakeUpWinged\" \/>\n<meta property=\"og:description\" content=\"F\u00fchlst du dich oft deprimiert, gefangen oder von \u00c4ngsten gehemmt? Scheint dein Leben irgendwie festgefahren? Hast du das Gef\u00fchl, nicht weiterzukommen, weil du deine Probleme und Limitierungen nicht \u00fcberwinden...\" \/>\n<meta property=\"og:url\" content=\"https:\/\/www.wakeupwinged.com\/de\/werde-zur-besten-version-von-dir-selbst\/\" \/>\n<meta property=\"og:site_name\" content=\"WakeUpWinged\" \/>\n<meta property=\"article:modified_time\" content=\"2024-09-24T14:37:52+00:00\" \/>\n<meta name=\"twitter:card\" content=\"summary_large_image\" \/>\n<meta name=\"twitter:label1\" content=\"Gesch\u00e4tzte Lesezeit\" \/>\n\t<meta name=\"twitter:data1\" content=\"7\u00a0Minuten\" \/>\n<script type=\"application\/ld+json\" class=\"yoast-schema-graph\">{\"@context\":\"https:\/\/schema.org\",\"@graph\":[{\"@type\":\"WebPage\",\"@id\":\"https:\/\/www.wakeupwinged.com\/de\/werde-zur-besten-version-von-dir-selbst\/\",\"url\":\"https:\/\/www.wakeupwinged.com\/de\/werde-zur-besten-version-von-dir-selbst\/\",\"name\":\"Werde zur Besten Version von Dir Selbst - WakeUpWinged\",\"isPartOf\":{\"@id\":\"https:\/\/www.wakeupwinged.com\/de\/#website\"},\"datePublished\":\"2024-06-04T15:41:59+00:00\",\"dateModified\":\"2024-09-24T14:37:52+00:00\",\"breadcrumb\":{\"@id\":\"https:\/\/www.wakeupwinged.com\/de\/werde-zur-besten-version-von-dir-selbst\/#breadcrumb\"},\"inLanguage\":\"de\",\"potentialAction\":[{\"@type\":\"ReadAction\",\"target\":[\"https:\/\/www.wakeupwinged.com\/de\/werde-zur-besten-version-von-dir-selbst\/\"]}]},{\"@type\":\"BreadcrumbList\",\"@id\":\"https:\/\/www.wakeupwinged.com\/de\/werde-zur-besten-version-von-dir-selbst\/#breadcrumb\",\"itemListElement\":[{\"@type\":\"ListItem\",\"position\":1,\"name\":\"Startseite\",\"item\":\"https:\/\/www.wakeupwinged.com\/de\/\"},{\"@type\":\"ListItem\",\"position\":2,\"name\":\"Werde zur Besten Version von Dir Selbst\"}]},{\"@type\":\"WebSite\",\"@id\":\"https:\/\/www.wakeupwinged.com\/de\/#website\",\"url\":\"https:\/\/www.wakeupwinged.com\/de\/\",\"name\":\"WakeUpWinged\",\"description\":\"Erhebende Hypnotherapy\",\"publisher\":{\"@id\":\"https:\/\/www.wakeupwinged.com\/de\/#organization\"},\"potentialAction\":[{\"@type\":\"SearchAction\",\"target\":{\"@type\":\"EntryPoint\",\"urlTemplate\":\"https:\/\/www.wakeupwinged.com\/de\/?s={search_term_string}\"},\"query-input\":\"required name=search_term_string\"}],\"inLanguage\":\"de\"},{\"@type\":\"Organization\",\"@id\":\"https:\/\/www.wakeupwinged.com\/de\/#organization\",\"name\":\"WakeUpWinged\",\"url\":\"https:\/\/www.wakeupwinged.com\/de\/\",\"logo\":{\"@type\":\"ImageObject\",\"inLanguage\":\"de\",\"@id\":\"https:\/\/www.wakeupwinged.com\/de\/#\/schema\/logo\/image\/\",\"url\":\"https:\/\/www.wakeupwinged.com\/de\/wp-content\/uploads\/sites\/2\/2024\/06\/Logo-150.png\",\"contentUrl\":\"https:\/\/www.wakeupwinged.com\/de\/wp-content\/uploads\/sites\/2\/2024\/06\/Logo-150.png\",\"width\":150,\"height\":150,\"caption\":\"WakeUpWinged\"},\"image\":{\"@id\":\"https:\/\/www.wakeupwinged.com\/de\/#\/schema\/logo\/image\/\"}}]}<\/script>\n<!-- \/ Yoast SEO plugin. -->","yoast_head_json":{"title":"Werde zur Besten Version von Dir Selbst - WakeUpWinged","robots":{"index":"index","follow":"follow","max-snippet":"max-snippet:-1","max-image-preview":"max-image-preview:large","max-video-preview":"max-video-preview:-1"},"canonical":"https:\/\/www.wakeupwinged.com\/de\/werde-zur-besten-version-von-dir-selbst\/","og_locale":"de_DE","og_type":"article","og_title":"Werde zur Besten Version von Dir Selbst - WakeUpWinged","og_description":"F\u00fchlst du dich oft deprimiert, gefangen oder von \u00c4ngsten gehemmt? Scheint dein Leben irgendwie festgefahren? Hast du das Gef\u00fchl, nicht weiterzukommen, weil du deine Probleme und Limitierungen nicht \u00fcberwinden...","og_url":"https:\/\/www.wakeupwinged.com\/de\/werde-zur-besten-version-von-dir-selbst\/","og_site_name":"WakeUpWinged","article_modified_time":"2024-09-24T14:37:52+00:00","twitter_card":"summary_large_image","twitter_misc":{"Gesch\u00e4tzte Lesezeit":"7\u00a0Minuten"},"schema":{"@context":"https:\/\/schema.org","@graph":[{"@type":"WebPage","@id":"https:\/\/www.wakeupwinged.com\/de\/werde-zur-besten-version-von-dir-selbst\/","url":"https:\/\/www.wakeupwinged.com\/de\/werde-zur-besten-version-von-dir-selbst\/","name":"Werde zur Besten Version von Dir Selbst - WakeUpWinged","isPartOf":{"@id":"https:\/\/www.wakeupwinged.com\/de\/#website"},"datePublished":"2024-06-04T15:41:59+00:00","dateModified":"2024-09-24T14:37:52+00:00","breadcrumb":{"@id":"https:\/\/www.wakeupwinged.com\/de\/werde-zur-besten-version-von-dir-selbst\/#breadcrumb"},"inLanguage":"de","potentialAction":[{"@type":"ReadAction","target":["https:\/\/www.wakeupwinged.com\/de\/werde-zur-besten-version-von-dir-selbst\/"]}]},{"@type":"BreadcrumbList","@id":"https:\/\/www.wakeupwinged.com\/de\/werde-zur-besten-version-von-dir-selbst\/#breadcrumb","itemListElement":[{"@type":"ListItem","position":1,"name":"Startseite","item":"https:\/\/www.wakeupwinged.com\/de\/"},{"@type":"ListItem","position":2,"name":"Werde zur Besten Version von Dir Selbst"}]},{"@type":"WebSite","@id":"https:\/\/www.wakeupwinged.com\/de\/#website","url":"https:\/\/www.wakeupwinged.com\/de\/","name":"WakeUpWinged","description":"Erhebende Hypnotherapy","publisher":{"@id":"https:\/\/www.wakeupwinged.com\/de\/#organization"},"potentialAction":[{"@type":"SearchAction","target":{"@type":"EntryPoint","urlTemplate":"https:\/\/www.wakeupwinged.com\/de\/?s={search_term_string}"},"query-input":"required name=search_term_string"}],"inLanguage":"de"},{"@type":"Organization","@id":"https:\/\/www.wakeupwinged.com\/de\/#organization","name":"WakeUpWinged","url":"https:\/\/www.wakeupwinged.com\/de\/","logo":{"@type":"ImageObject","inLanguage":"de","@id":"https:\/\/www.wakeupwinged.com\/de\/#\/schema\/logo\/image\/","url":"https:\/\/www.wakeupwinged.com\/de\/wp-content\/uploads\/sites\/2\/2024\/06\/Logo-150.png","contentUrl":"https:\/\/www.wakeupwinged.com\/de\/wp-content\/uploads\/sites\/2\/2024\/06\/Logo-150.png","width":150,"height":150,"caption":"WakeUpWinged"},"image":{"@id":"https:\/\/www.wakeupwinged.com\/de\/#\/schema\/logo\/image\/"}}]}},"_links":{"self":[{"href":"https:\/\/www.wakeupwinged.com\/de\/wp-json\/wp\/v2\/pages\/898"}],"collection":[{"href":"https:\/\/www.wakeupwinged.com\/de\/wp-json\/wp\/v2\/pages"}],"about":[{"href":"https:\/\/www.wakeupwinged.com\/de\/wp-json\/wp\/v2\/types\/page"}],"author":[{"embeddable":true,"href":"https:\/\/www.wakeupwinged.com\/de\/wp-json\/wp\/v2\/users\/1"}],"replies":[{"embeddable":true,"href":"https:\/\/www.wakeupwinged.com\/de\/wp-json\/wp\/v2\/comments?post=898"}],"version-history":[{"count":17,"href":"https:\/\/www.wakeupwinged.com\/de\/wp-json\/wp\/v2\/pages\/898\/revisions"}],"predecessor-version":[{"id":2079,"href":"https:\/\/www.wakeupwinged.com\/de\/wp-json\/wp\/v2\/pages\/898\/revisions\/2079"}],"wp:attachment":[{"href":"https:\/\/www.wakeupwinged.com\/de\/wp-json\/wp\/v2\/media?parent=898"}],"curies":[{"name":"wp","href":"https:\/\/api.w.org\/{rel}","templated":true}]}}