{"id":783,"date":"2024-06-04T15:34:41","date_gmt":"2024-06-04T15:34:41","guid":{"rendered":"https:\/\/www.wakeupwinged.com\/de\/?page_id=783"},"modified":"2024-08-09T02:43:44","modified_gmt":"2024-08-09T02:43:44","slug":"nutzungsbedingungen","status":"publish","type":"page","link":"https:\/\/www.wakeupwinged.com\/de\/nutzungsbedingungen\/","title":{"rendered":"Nutzungsbedingungen"},"content":{"rendered":"<p>Willkommen bei WakeUpWinged.com &#8211; Ihre Reise zu mehr Lebensqualit\u00e4t und Wohlbefinden!<\/p>\n<p>Durch den Zugriff oder die Nutzung von WakeUpWinged.com erkl\u00e4ren Sie sich mit den folgenden Bedingungen einverstanden und sind an diese gebunden. Bitte lesen Sie diese Bedingungen sorgf\u00e4ltig durch, bevor Sie unseren Blog, Produkte oder Dienstleistungen nutzen.<\/p>\n<p>Wakeupwinged.com wird betrieben von<\/p>\n<p>Highbration Solutions LLC<br \/>\n3833 POWERLINE RD SUITE 201<br \/>\nFORT LAUDERDALE, FL 33309<\/p>\n<h4>Akzeptanz der Bedingungen:<\/h4>\n<p>Durch den Zugriff auf oder die Nutzung von WakeUpWinged.com best\u00e4tigen Sie, dass Sie diese Nutzungsbedingungen gelesen und verstanden haben und damit einverstanden sind. Wenn Sie mit irgendeinem Teil dieser Bedingungen nicht einverstanden sind, benutzen Sie bitte unseren Blog, unsere Produkte oder Dienstleistungen nicht.<\/p>\n<h4>Alterserfordernis:<\/h4>\n<p>WakeUpWinged.com ist f\u00fcr Personen bestimmt, die mindestens 18 Jahre alt sind oder das gesetzliche Vollj\u00e4hrigkeitsalter in ihrer Gerichtsbarkeit erreicht haben. Wenn Sie unter 18 Jahre alt sind, d\u00fcrfen Sie diesen Blog nur mit der Zustimmung und unter Aufsicht eines Elternteils oder Erziehungsberechtigten nutzen.<\/p>\n<h4>Verwendung von Inhalten:<\/h4>\n<p>Alle Inhalte, die auf WakeUpWinged.com zur Verf\u00fcgung gestellt werden, einschlie\u00dflich der Artikel, Bilder, digitalen Produkte und Dienstleistungen, sind das geistige Eigentum von WakeUpWinged.com und sind durch das Urheberrecht gesch\u00fctzt. Sie d\u00fcrfen keine Inhalte ohne unsere ausdr\u00fcckliche schriftliche Genehmigung vervielf\u00e4ltigen, verbreiten oder nutzen.<\/p>\n<h5>Einschr\u00e4nkungen: Es ist Ihnen ausdr\u00fccklich untersagt, sich an den folgenden Aktivit\u00e4ten zu beteiligen:<\/h5>\n<ul>\n<li>Ver\u00f6ffentlichung von Material der Website in anderen Medien.<\/li>\n<li>Verkauf, Unterlizenzierung und\/oder Kommerzialisierung von Website-Materialien.<\/li>\n<li>\u00d6ffentliches Auff\u00fchren und\/oder Vorf\u00fchren von Material der Website.<\/li>\n<li>Diese Website in einer Weise zu nutzen, die der Website schaden k\u00f6nnte.<\/li>\n<li>Die Nutzung dieser Website in einer Art und Weise, die den Zugang der Nutzer zu dieser Website beeintr\u00e4chtigt.<\/li>\n<li>Die Nutzung dieser Website unter Verletzung geltender Gesetze und Vorschriften oder in einer Weise, die der Website, einer Person oder einem Unternehmen Schaden zuf\u00fcgen kann.<\/li>\n<li>Das Durchf\u00fchren von Data-Mining, Data-Harvesting, Data-Extracting oder \u00e4hnlichen Aktivit\u00e4ten in Bezug auf diese Website.<\/li>\n<li>Diese Website f\u00fcr Werbe- oder Marketingzwecke zu nutzen.<\/li>\n<\/ul>\n<p>Der Zugang zu bestimmten Bereichen dieser Website kann eingeschr\u00e4nkt sein, und MYWebsite beh\u00e4lt sich das Recht vor, den Zugang zu bestimmten Bereichen nach eigenem Ermessen weiter zu beschr\u00e4nken. Die f\u00fcr diese Website zur Verf\u00fcgung gestellten Benutzer-IDs und Passw\u00f6rter sind vertraulich, und die Benutzer sind verpflichtet, die Vertraulichkeit zu wahren.<\/p>\n<h4>Benutzerverhalten:<\/h4>\n<p>Bei der Nutzung von WakeUpWinged.com verpflichten Sie sich, sich an alle geltenden Gesetze und Vorschriften zu halten. Sie erkl\u00e4ren sich auch damit einverstanden, sich nicht an einem Verhalten zu beteiligen, das die Funktionalit\u00e4t unseres Blogs oder die Erfahrung anderer Benutzer unterbrechen, st\u00f6ren oder sch\u00e4digen k\u00f6nnte.<\/p>\n<h4>Benutzerkonten:<\/h4>\n<p>Einige Funktionen von WakeUpWinged.com k\u00f6nnen es erforderlich machen, dass Sie ein Benutzerkonto erstellen. Sie sind verantwortlich f\u00fcr die Geheimhaltung Ihrer Kontoinformationen und f\u00fcr alle Aktivit\u00e4ten, die unter Ihrem Konto stattfinden. Sie verpflichten sich, uns unverz\u00fcglich \u00fcber jede unbefugte Nutzung Ihres Kontos zu informieren.<\/p>\n<h4>Pers\u00f6nliche Beratungs- und Hypnotherapiedienstleistungen:<\/h4>\n<p>Wenn Sie pers\u00f6nliche 1:1-Beratungs- oder Online-Hypnotherapiedienste in Anspruch nehmen, erkennen Sie an, dass diese Dienste kein Ersatz f\u00fcr professionelle psychologische oder medizinische Betreuung sind. Wir behalten uns das Recht vor, Dienstleistungen nach eigenem Ermessen abzulehnen oder zu beenden.<\/p>\n<h4>Zahlungs- und R\u00fcckerstattungsbedingungen:<\/h4>\n<p>F\u00fcr kostenpflichtige Produkte oder Dienstleistungen stimmen Sie zu, genaue Zahlungsinformationen anzugeben und uns zu erm\u00e4chtigen, den angegebenen Betrag zu berechnen. Die R\u00fcckerstattungsrichtlinien f\u00fcr digitale Produkte und Dienstleistungen sind auf unserer separaten Seite R\u00fcckerstattungsrichtlinien beschrieben.<\/p>\n<h4>Links von Drittanbietern:<\/h4>\n<p>WakeUpWinged.com kann Links zu Websites Dritter f\u00fcr zus\u00e4tzliche Ressourcen enthalten. Wir sind nicht verantwortlich f\u00fcr den Inhalt, die Genauigkeit oder die Praktiken dieser externen Seiten. Das Anklicken externer Links erfolgt auf eigene Gefahr.<\/p>\n<h4>\u00c4nderungen der Bedingungen:<\/h4>\n<p>Wir behalten uns das Recht vor, diese Nutzungsbedingungen jederzeit zu aktualisieren oder zu \u00e4ndern. \u00c4nderungen werden sofort mit der Ver\u00f6ffentlichung im Blog wirksam. Ihre fortgesetzte Nutzung von WakeUpWinged.com nach der Ver\u00f6ffentlichung von \u00c4nderungen gilt als Zustimmung zu diesen \u00c4nderungen.<\/p>\n<h4>Geltendes Recht:<\/h4>\n<p>Diese Nutzungsbedingungen unterliegen den Gesetzen von Florida. Alle Streitigkeiten, die sich aus diesen Bedingungen ergeben, unterliegen der ausschlie\u00dflichen Zust\u00e4ndigkeit der Gerichte in Florida.<br \/>\nSollten Sie Fragen oder Bedenken bez\u00fcglich dieser Nutzungsbedingungen haben, kontaktieren Sie uns bitte unter contact@wakeupwinged.com.<\/p>\n<p>Vielen Dank, dass Sie ein gesch\u00e4tztes Mitglied unserer Gemeinschaft sind!<\/p>\n<p>WakeUpWinged Team<\/p>\n","protected":false},"excerpt":{"rendered":"<p>Willkommen bei WakeUpWinged.com &#8211; Ihre Reise zu mehr Lebensqualit\u00e4t und Wohlbefinden! Durch den Zugriff oder die Nutzung von WakeUpWinged.com erkl\u00e4ren Sie sich mit den folgenden Bedingungen einverstanden und sind&#8230;<\/p>\n","protected":false},"author":1,"featured_media":0,"parent":0,"menu_order":0,"comment_status":"closed","ping_status":"closed","template":"page-full-width","meta":{"footnotes":""},"yoast_head":"<!-- This site is optimized with the Yoast SEO plugin v22.8 - https:\/\/yoast.com\/wordpress\/plugins\/seo\/ -->\n<title>Nutzungsbedingungen - WakeUpWinged<\/title>\n<meta name=\"robots\" content=\"noindex, nofollow\" \/>\n<meta property=\"og:locale\" content=\"de_DE\" \/>\n<meta property=\"og:type\" content=\"article\" \/>\n<meta property=\"og:title\" content=\"Nutzungsbedingungen - WakeUpWinged\" \/>\n<meta property=\"og:description\" content=\"Willkommen bei WakeUpWinged.com &#8211; Ihre Reise zu mehr Lebensqualit\u00e4t und Wohlbefinden! Durch den Zugriff oder die Nutzung von WakeUpWinged.com erkl\u00e4ren Sie sich mit den folgenden Bedingungen einverstanden und sind...\" \/>\n<meta property=\"og:url\" content=\"https:\/\/www.wakeupwinged.com\/de\/nutzungsbedingungen\/\" \/>\n<meta property=\"og:site_name\" content=\"WakeUpWinged\" \/>\n<meta property=\"article:modified_time\" content=\"2024-08-09T02:43:44+00:00\" \/>\n<meta name=\"twitter:card\" content=\"summary_large_image\" \/>\n<meta name=\"twitter:label1\" content=\"Gesch\u00e4tzte Lesezeit\" \/>\n\t<meta name=\"twitter:data1\" content=\"4\u00a0Minuten\" \/>\n<script type=\"application\/ld+json\" class=\"yoast-schema-graph\">{\"@context\":\"https:\/\/schema.org\",\"@graph\":[{\"@type\":\"WebPage\",\"@id\":\"https:\/\/www.wakeupwinged.com\/de\/nutzungsbedingungen\/\",\"url\":\"https:\/\/www.wakeupwinged.com\/de\/nutzungsbedingungen\/\",\"name\":\"Nutzungsbedingungen - WakeUpWinged\",\"isPartOf\":{\"@id\":\"https:\/\/www.wakeupwinged.com\/de\/#website\"},\"datePublished\":\"2024-06-04T15:34:41+00:00\",\"dateModified\":\"2024-08-09T02:43:44+00:00\",\"breadcrumb\":{\"@id\":\"https:\/\/www.wakeupwinged.com\/de\/nutzungsbedingungen\/#breadcrumb\"},\"inLanguage\":\"de\",\"potentialAction\":[{\"@type\":\"ReadAction\",\"target\":[\"https:\/\/www.wakeupwinged.com\/de\/nutzungsbedingungen\/\"]}]},{\"@type\":\"BreadcrumbList\",\"@id\":\"https:\/\/www.wakeupwinged.com\/de\/nutzungsbedingungen\/#breadcrumb\",\"itemListElement\":[{\"@type\":\"ListItem\",\"position\":1,\"name\":\"Startseite\",\"item\":\"https:\/\/www.wakeupwinged.com\/de\/\"},{\"@type\":\"ListItem\",\"position\":2,\"name\":\"Nutzungsbedingungen\"}]},{\"@type\":\"WebSite\",\"@id\":\"https:\/\/www.wakeupwinged.com\/de\/#website\",\"url\":\"https:\/\/www.wakeupwinged.com\/de\/\",\"name\":\"WakeUpWinged\",\"description\":\"Erhebende Hypnotherapy\",\"publisher\":{\"@id\":\"https:\/\/www.wakeupwinged.com\/de\/#organization\"},\"potentialAction\":[{\"@type\":\"SearchAction\",\"target\":{\"@type\":\"EntryPoint\",\"urlTemplate\":\"https:\/\/www.wakeupwinged.com\/de\/?s={search_term_string}\"},\"query-input\":\"required name=search_term_string\"}],\"inLanguage\":\"de\"},{\"@type\":\"Organization\",\"@id\":\"https:\/\/www.wakeupwinged.com\/de\/#organization\",\"name\":\"WakeUpWinged\",\"url\":\"https:\/\/www.wakeupwinged.com\/de\/\",\"logo\":{\"@type\":\"ImageObject\",\"inLanguage\":\"de\",\"@id\":\"https:\/\/www.wakeupwinged.com\/de\/#\/schema\/logo\/image\/\",\"url\":\"https:\/\/www.wakeupwinged.com\/de\/wp-content\/uploads\/sites\/2\/2024\/06\/Logo-150.png\",\"contentUrl\":\"https:\/\/www.wakeupwinged.com\/de\/wp-content\/uploads\/sites\/2\/2024\/06\/Logo-150.png\",\"width\":150,\"height\":150,\"caption\":\"WakeUpWinged\"},\"image\":{\"@id\":\"https:\/\/www.wakeupwinged.com\/de\/#\/schema\/logo\/image\/\"}}]}<\/script>\n<!-- \/ Yoast SEO plugin. -->","yoast_head_json":{"title":"Nutzungsbedingungen - WakeUpWinged","robots":{"index":"noindex","follow":"nofollow"},"og_locale":"de_DE","og_type":"article","og_title":"Nutzungsbedingungen - WakeUpWinged","og_description":"Willkommen bei WakeUpWinged.com &#8211; Ihre Reise zu mehr Lebensqualit\u00e4t und Wohlbefinden! Durch den Zugriff oder die Nutzung von WakeUpWinged.com erkl\u00e4ren Sie sich mit den folgenden Bedingungen einverstanden und sind...","og_url":"https:\/\/www.wakeupwinged.com\/de\/nutzungsbedingungen\/","og_site_name":"WakeUpWinged","article_modified_time":"2024-08-09T02:43:44+00:00","twitter_card":"summary_large_image","twitter_misc":{"Gesch\u00e4tzte Lesezeit":"4\u00a0Minuten"},"schema":{"@context":"https:\/\/schema.org","@graph":[{"@type":"WebPage","@id":"https:\/\/www.wakeupwinged.com\/de\/nutzungsbedingungen\/","url":"https:\/\/www.wakeupwinged.com\/de\/nutzungsbedingungen\/","name":"Nutzungsbedingungen - WakeUpWinged","isPartOf":{"@id":"https:\/\/www.wakeupwinged.com\/de\/#website"},"datePublished":"2024-06-04T15:34:41+00:00","dateModified":"2024-08-09T02:43:44+00:00","breadcrumb":{"@id":"https:\/\/www.wakeupwinged.com\/de\/nutzungsbedingungen\/#breadcrumb"},"inLanguage":"de","potentialAction":[{"@type":"ReadAction","target":["https:\/\/www.wakeupwinged.com\/de\/nutzungsbedingungen\/"]}]},{"@type":"BreadcrumbList","@id":"https:\/\/www.wakeupwinged.com\/de\/nutzungsbedingungen\/#breadcrumb","itemListElement":[{"@type":"ListItem","position":1,"name":"Startseite","item":"https:\/\/www.wakeupwinged.com\/de\/"},{"@type":"ListItem","position":2,"name":"Nutzungsbedingungen"}]},{"@type":"WebSite","@id":"https:\/\/www.wakeupwinged.com\/de\/#website","url":"https:\/\/www.wakeupwinged.com\/de\/","name":"WakeUpWinged","description":"Erhebende Hypnotherapy","publisher":{"@id":"https:\/\/www.wakeupwinged.com\/de\/#organization"},"potentialAction":[{"@type":"SearchAction","target":{"@type":"EntryPoint","urlTemplate":"https:\/\/www.wakeupwinged.com\/de\/?s={search_term_string}"},"query-input":"required name=search_term_string"}],"inLanguage":"de"},{"@type":"Organization","@id":"https:\/\/www.wakeupwinged.com\/de\/#organization","name":"WakeUpWinged","url":"https:\/\/www.wakeupwinged.com\/de\/","logo":{"@type":"ImageObject","inLanguage":"de","@id":"https:\/\/www.wakeupwinged.com\/de\/#\/schema\/logo\/image\/","url":"https:\/\/www.wakeupwinged.com\/de\/wp-content\/uploads\/sites\/2\/2024\/06\/Logo-150.png","contentUrl":"https:\/\/www.wakeupwinged.com\/de\/wp-content\/uploads\/sites\/2\/2024\/06\/Logo-150.png","width":150,"height":150,"caption":"WakeUpWinged"},"image":{"@id":"https:\/\/www.wakeupwinged.com\/de\/#\/schema\/logo\/image\/"}}]}},"_links":{"self":[{"href":"https:\/\/www.wakeupwinged.com\/de\/wp-json\/wp\/v2\/pages\/783"}],"collection":[{"href":"https:\/\/www.wakeupwinged.com\/de\/wp-json\/wp\/v2\/pages"}],"about":[{"href":"https:\/\/www.wakeupwinged.com\/de\/wp-json\/wp\/v2\/types\/page"}],"author":[{"embeddable":true,"href":"https:\/\/www.wakeupwinged.com\/de\/wp-json\/wp\/v2\/users\/1"}],"replies":[{"embeddable":true,"href":"https:\/\/www.wakeupwinged.com\/de\/wp-json\/wp\/v2\/comments?post=783"}],"version-history":[{"count":6,"href":"https:\/\/www.wakeupwinged.com\/de\/wp-json\/wp\/v2\/pages\/783\/revisions"}],"predecessor-version":[{"id":1897,"href":"https:\/\/www.wakeupwinged.com\/de\/wp-json\/wp\/v2\/pages\/783\/revisions\/1897"}],"wp:attachment":[{"href":"https:\/\/www.wakeupwinged.com\/de\/wp-json\/wp\/v2\/media?parent=783"}],"curies":[{"name":"wp","href":"https:\/\/api.w.org\/{rel}","templated":true}]}}