{"id":776,"date":"2024-06-04T15:08:28","date_gmt":"2024-06-04T15:08:28","guid":{"rendered":"https:\/\/www.wakeupwinged.com\/de\/?page_id=776"},"modified":"2024-10-16T16:16:09","modified_gmt":"2024-10-16T16:16:09","slug":"haftungsausschluss","status":"publish","type":"page","link":"https:\/\/www.wakeupwinged.com\/de\/haftungsausschluss\/","title":{"rendered":"Haftungsausschluss"},"content":{"rendered":"<p>Willkommen bei WakeUpWinged \u2013 Ihre Quelle f\u00fcr mentale Gesundheit durch Lifestyle Wellness &amp; Selbsthypnose!<\/p>\n<p>Auf WakeUpWinged.com, wir sind verpflichtet, wertvolle und aufschlussreiche Inhalte zur Verbesserung Ihrer psychischen Gesundheit und Lebensstil. Allerdings ist es wichtig, die folgenden Haftungsausschl\u00fcsse in Bezug auf die Genauigkeit und die Art der Informationen, digitale Produkte und Dienstleistungen auf unserer Plattform angeboten zu verstehen.<\/p>\n<h4>Nur f\u00fcr allgemeine Informationszwecke:<\/h4>\n<p>Die in diesem Blog bereitgestellten Inhalte dienen ausschlie\u00dflich allgemeinen Informationszwecken. Er ist kein Ersatz f\u00fcr eine professionelle Beratung oder ein pers\u00f6nliches Gespr\u00e4ch. Wenden Sie sich immer an qualifizierte Fachleute, um eine spezifische, auf Ihre individuellen Umst\u00e4nde zugeschnittene Beratung zu erhalten.<\/p>\n<h4>Inhaltsgenauigkeit und Aktualisierungen:<\/h4>\n<p>Wir bem\u00fchen uns, die Richtigkeit und Zuverl\u00e4ssigkeit der in unserem Blog dargestellten Informationen zu gew\u00e4hrleisten. Da sich Gesundheits- und Lifestyle-Themen jedoch st\u00e4ndig weiterentwickeln, k\u00f6nnen wir nicht garantieren, dass alle Informationen aktuell, vollst\u00e4ndig oder fehlerfrei sind. Wir empfehlen, alle kritischen Informationen zu \u00fcberpr\u00fcfen und bei Bedarf entsprechende Fachleute zu konsultieren.<\/p>\n<h3>Haftungsausschluss f\u00fcr individuelle Gesundheit: Verst\u00e4ndnis f\u00fcr den allgemeinen Charakter unserer Inhalte<\/h3>\n<p>Bitte beachten Sie, dass keiner der Inhalte in diesem Blog als pers\u00f6nlicher Rat f\u00fcr eine Ern\u00e4hrungsumstellung oder ein Trainingsprogramm angesehen werden sollte. Die Autorin gibt zwar pers\u00f6nliche Erfahrungen und Einblicke in ihre eigene Lebensweise weiter, kann aber nicht auf individuelle gesundheitliche Umst\u00e4nde und Bedingungen eingehen. Alle Informationen dienen nur der allgemeinen Information und Unterhaltung.<\/p>\n<h4>Digitale Produkte und Urheberrecht:<\/h4>\n<p>Unsere digitalen Produkte, einschlie\u00dflich Audio-Downloads und Online-Kurse, sind Originalinhalte, die von WakeUpWinged.com produziert wurden und urheberrechtlich gesch\u00fctzt sind. Diese Produkte sind so konzipiert, dass sie den Informationsgehalt des Blogs erg\u00e4nzen und sind nur f\u00fcr den pers\u00f6nlichen Gebrauch bestimmt. Die Vervielf\u00e4ltigung, Verbreitung oder unbefugte Weitergabe dieser Materialien ist strengstens untersagt.<\/p>\n<h4>Dienstleistungen &#8211; Pers\u00f6nliche Online 1:1 Beratung und Hypnotherapie:<\/h4>\n<p>Unsere 1:1-Beratungsdienste sind darauf ausgerichtet, pers\u00f6nliche Unterst\u00fctzung und Anleitung zu bieten. Dar\u00fcber hinaus bieten wir Online-Hypnotherapiesitzungen an, um spezifische Anliegen zu behandeln. Wir weisen darauf hin, dass diese Dienste zwar das Wohlbefinden f\u00f6rdern, aber kein Ersatz f\u00fcr eine professionelle psychologische oder medizinische Betreuung sind. Wir raten Usern dringend dazu, bei gesundheitlichen Problemen einen zugelassenen Arzt oder Psychiater aufzusuchen.<\/p>\n<h4>Externe Links:<\/h4>\n<p>Unser Blog kann Links zu externen Websites mit zus\u00e4tzlichen Ressourcen enthalten. Wir sind nicht verantwortlich f\u00fcr den Inhalt, die Genauigkeit oder die Praktiken dieser Websites Dritter. Das Anklicken externer Links erfolgt auf eigene Gefahr, und wir empfehlen, die Datenschutzrichtlinien und Nutzungsbedingungen der verlinkten Websites zu lesen.<\/p>\n<h4>Partnerlinks und Sponsoring:<\/h4>\n<p>Wir k\u00f6nnen in unserem Blog Partnerlinks oder gesponserte Inhalte einf\u00fcgen. Das Anklicken dieser Links kann zu einer Verg\u00fctung f\u00fcr WakeUpWinged.com f\u00fchren. Seien Sie versichert, dass unsere Verpflichtung, ehrliche und unvoreingenommene Inhalte zu liefern, unver\u00e4ndert bleibt, und wir f\u00f6rdern nur Produkte oder Dienstleistungen, die mit unseren Werten und Standards \u00fcbereinstimmen.<\/p>\n<h4>Gesetzliche Zust\u00e4ndigkeit:<\/h4>\n<p>WakeUpWinged.com unterliegt den Gesetzen von Florida. Alle rechtlichen Angelegenheiten, die sich aus der Nutzung dieses Blogs oder seiner Dienste ergeben, unterliegen den Gesetzen dieser Gerichtsbarkeit.<br \/>\nIndem Sie auf WakeUpWinged.com zugreifen und es nutzen, erkennen Sie die Bedingungen an, die in diesem Haftungsausschluss f\u00fcr die Richtigkeit der Inhalte dargelegt sind, und stimmen diesen zu. Wenn Sie irgendwelche Fragen oder Bedenken haben, kontaktieren Sie uns bitte unter contact@wakeupwinged.com.<\/p>\n<p>Danke, dass Sie ein gesch\u00e4tztes Mitglied unserer Gemeinschaft sind!<\/p>\n","protected":false},"excerpt":{"rendered":"<p>Willkommen bei WakeUpWinged \u2013 Ihre Quelle f\u00fcr mentale Gesundheit durch Lifestyle Wellness &amp; Selbsthypnose! Auf WakeUpWinged.com, wir sind verpflichtet, wertvolle und aufschlussreiche Inhalte zur Verbesserung Ihrer psychischen Gesundheit und&#8230;<\/p>\n","protected":false},"author":1,"featured_media":0,"parent":0,"menu_order":0,"comment_status":"closed","ping_status":"closed","template":"page-full-width","meta":{"footnotes":""},"yoast_head":"<!-- This site is optimized with the Yoast SEO plugin v22.8 - https:\/\/yoast.com\/wordpress\/plugins\/seo\/ -->\n<title>Haftungsausschluss - WakeUpWinged<\/title>\n<meta name=\"robots\" content=\"noindex, nofollow\" \/>\n<meta property=\"og:locale\" content=\"de_DE\" \/>\n<meta property=\"og:type\" content=\"article\" \/>\n<meta property=\"og:title\" content=\"Haftungsausschluss - WakeUpWinged\" \/>\n<meta property=\"og:description\" content=\"Willkommen bei WakeUpWinged \u2013 Ihre Quelle f\u00fcr mentale Gesundheit durch Lifestyle Wellness &amp; Selbsthypnose! Auf WakeUpWinged.com, wir sind verpflichtet, wertvolle und aufschlussreiche Inhalte zur Verbesserung Ihrer psychischen Gesundheit und...\" \/>\n<meta property=\"og:url\" content=\"https:\/\/www.wakeupwinged.com\/de\/haftungsausschluss\/\" \/>\n<meta property=\"og:site_name\" content=\"WakeUpWinged\" \/>\n<meta property=\"article:modified_time\" content=\"2024-10-16T16:16:09+00:00\" \/>\n<meta name=\"twitter:card\" content=\"summary_large_image\" \/>\n<meta name=\"twitter:label1\" content=\"Gesch\u00e4tzte Lesezeit\" \/>\n\t<meta name=\"twitter:data1\" content=\"3\u00a0Minuten\" \/>\n<script type=\"application\/ld+json\" class=\"yoast-schema-graph\">{\"@context\":\"https:\/\/schema.org\",\"@graph\":[{\"@type\":\"WebPage\",\"@id\":\"https:\/\/www.wakeupwinged.com\/de\/haftungsausschluss\/\",\"url\":\"https:\/\/www.wakeupwinged.com\/de\/haftungsausschluss\/\",\"name\":\"Haftungsausschluss - WakeUpWinged\",\"isPartOf\":{\"@id\":\"https:\/\/www.wakeupwinged.com\/de\/#website\"},\"datePublished\":\"2024-06-04T15:08:28+00:00\",\"dateModified\":\"2024-10-16T16:16:09+00:00\",\"breadcrumb\":{\"@id\":\"https:\/\/www.wakeupwinged.com\/de\/haftungsausschluss\/#breadcrumb\"},\"inLanguage\":\"de\",\"potentialAction\":[{\"@type\":\"ReadAction\",\"target\":[\"https:\/\/www.wakeupwinged.com\/de\/haftungsausschluss\/\"]}]},{\"@type\":\"BreadcrumbList\",\"@id\":\"https:\/\/www.wakeupwinged.com\/de\/haftungsausschluss\/#breadcrumb\",\"itemListElement\":[{\"@type\":\"ListItem\",\"position\":1,\"name\":\"Startseite\",\"item\":\"https:\/\/www.wakeupwinged.com\/de\/\"},{\"@type\":\"ListItem\",\"position\":2,\"name\":\"Haftungsausschluss\"}]},{\"@type\":\"WebSite\",\"@id\":\"https:\/\/www.wakeupwinged.com\/de\/#website\",\"url\":\"https:\/\/www.wakeupwinged.com\/de\/\",\"name\":\"WakeUpWinged\",\"description\":\"Erhebende Hypnotherapy\",\"publisher\":{\"@id\":\"https:\/\/www.wakeupwinged.com\/de\/#organization\"},\"potentialAction\":[{\"@type\":\"SearchAction\",\"target\":{\"@type\":\"EntryPoint\",\"urlTemplate\":\"https:\/\/www.wakeupwinged.com\/de\/?s={search_term_string}\"},\"query-input\":\"required name=search_term_string\"}],\"inLanguage\":\"de\"},{\"@type\":\"Organization\",\"@id\":\"https:\/\/www.wakeupwinged.com\/de\/#organization\",\"name\":\"WakeUpWinged\",\"url\":\"https:\/\/www.wakeupwinged.com\/de\/\",\"logo\":{\"@type\":\"ImageObject\",\"inLanguage\":\"de\",\"@id\":\"https:\/\/www.wakeupwinged.com\/de\/#\/schema\/logo\/image\/\",\"url\":\"https:\/\/www.wakeupwinged.com\/de\/wp-content\/uploads\/sites\/2\/2024\/06\/Logo-150.png\",\"contentUrl\":\"https:\/\/www.wakeupwinged.com\/de\/wp-content\/uploads\/sites\/2\/2024\/06\/Logo-150.png\",\"width\":150,\"height\":150,\"caption\":\"WakeUpWinged\"},\"image\":{\"@id\":\"https:\/\/www.wakeupwinged.com\/de\/#\/schema\/logo\/image\/\"}}]}<\/script>\n<!-- \/ Yoast SEO plugin. -->","yoast_head_json":{"title":"Haftungsausschluss - WakeUpWinged","robots":{"index":"noindex","follow":"nofollow"},"og_locale":"de_DE","og_type":"article","og_title":"Haftungsausschluss - WakeUpWinged","og_description":"Willkommen bei WakeUpWinged \u2013 Ihre Quelle f\u00fcr mentale Gesundheit durch Lifestyle Wellness &amp; Selbsthypnose! Auf WakeUpWinged.com, wir sind verpflichtet, wertvolle und aufschlussreiche Inhalte zur Verbesserung Ihrer psychischen Gesundheit und...","og_url":"https:\/\/www.wakeupwinged.com\/de\/haftungsausschluss\/","og_site_name":"WakeUpWinged","article_modified_time":"2024-10-16T16:16:09+00:00","twitter_card":"summary_large_image","twitter_misc":{"Gesch\u00e4tzte Lesezeit":"3\u00a0Minuten"},"schema":{"@context":"https:\/\/schema.org","@graph":[{"@type":"WebPage","@id":"https:\/\/www.wakeupwinged.com\/de\/haftungsausschluss\/","url":"https:\/\/www.wakeupwinged.com\/de\/haftungsausschluss\/","name":"Haftungsausschluss - WakeUpWinged","isPartOf":{"@id":"https:\/\/www.wakeupwinged.com\/de\/#website"},"datePublished":"2024-06-04T15:08:28+00:00","dateModified":"2024-10-16T16:16:09+00:00","breadcrumb":{"@id":"https:\/\/www.wakeupwinged.com\/de\/haftungsausschluss\/#breadcrumb"},"inLanguage":"de","potentialAction":[{"@type":"ReadAction","target":["https:\/\/www.wakeupwinged.com\/de\/haftungsausschluss\/"]}]},{"@type":"BreadcrumbList","@id":"https:\/\/www.wakeupwinged.com\/de\/haftungsausschluss\/#breadcrumb","itemListElement":[{"@type":"ListItem","position":1,"name":"Startseite","item":"https:\/\/www.wakeupwinged.com\/de\/"},{"@type":"ListItem","position":2,"name":"Haftungsausschluss"}]},{"@type":"WebSite","@id":"https:\/\/www.wakeupwinged.com\/de\/#website","url":"https:\/\/www.wakeupwinged.com\/de\/","name":"WakeUpWinged","description":"Erhebende Hypnotherapy","publisher":{"@id":"https:\/\/www.wakeupwinged.com\/de\/#organization"},"potentialAction":[{"@type":"SearchAction","target":{"@type":"EntryPoint","urlTemplate":"https:\/\/www.wakeupwinged.com\/de\/?s={search_term_string}"},"query-input":"required name=search_term_string"}],"inLanguage":"de"},{"@type":"Organization","@id":"https:\/\/www.wakeupwinged.com\/de\/#organization","name":"WakeUpWinged","url":"https:\/\/www.wakeupwinged.com\/de\/","logo":{"@type":"ImageObject","inLanguage":"de","@id":"https:\/\/www.wakeupwinged.com\/de\/#\/schema\/logo\/image\/","url":"https:\/\/www.wakeupwinged.com\/de\/wp-content\/uploads\/sites\/2\/2024\/06\/Logo-150.png","contentUrl":"https:\/\/www.wakeupwinged.com\/de\/wp-content\/uploads\/sites\/2\/2024\/06\/Logo-150.png","width":150,"height":150,"caption":"WakeUpWinged"},"image":{"@id":"https:\/\/www.wakeupwinged.com\/de\/#\/schema\/logo\/image\/"}}]}},"_links":{"self":[{"href":"https:\/\/www.wakeupwinged.com\/de\/wp-json\/wp\/v2\/pages\/776"}],"collection":[{"href":"https:\/\/www.wakeupwinged.com\/de\/wp-json\/wp\/v2\/pages"}],"about":[{"href":"https:\/\/www.wakeupwinged.com\/de\/wp-json\/wp\/v2\/types\/page"}],"author":[{"embeddable":true,"href":"https:\/\/www.wakeupwinged.com\/de\/wp-json\/wp\/v2\/users\/1"}],"replies":[{"embeddable":true,"href":"https:\/\/www.wakeupwinged.com\/de\/wp-json\/wp\/v2\/comments?post=776"}],"version-history":[{"count":5,"href":"https:\/\/www.wakeupwinged.com\/de\/wp-json\/wp\/v2\/pages\/776\/revisions"}],"predecessor-version":[{"id":2244,"href":"https:\/\/www.wakeupwinged.com\/de\/wp-json\/wp\/v2\/pages\/776\/revisions\/2244"}],"wp:attachment":[{"href":"https:\/\/www.wakeupwinged.com\/de\/wp-json\/wp\/v2\/media?parent=776"}],"curies":[{"name":"wp","href":"https:\/\/api.w.org\/{rel}","templated":true}]}}