{"id":2340,"date":"2024-11-26T12:28:13","date_gmt":"2024-11-26T12:28:13","guid":{"rendered":"https:\/\/www.wakeupwinged.com\/de\/?page_id=2340"},"modified":"2024-11-27T08:57:54","modified_gmt":"2024-11-27T08:57:54","slug":"ueber","status":"publish","type":"page","link":"https:\/\/www.wakeupwinged.com\/de\/ueber\/","title":{"rendered":"\u00dcber deinen Coach :)"},"content":{"rendered":"<p>Ich bin Claudia Jennifer, klinische Hypnosetherapeutin. Ich helfe dir, dich von Zucker zu befreien \u2013 und das Leben voller Energie und Leichtigkeit zu leben, das du verdienst.<\/p>\n<div class=\"fleximg\">\n<figure><img decoding=\"async\" src=\"https:\/\/www.wakeupwinged.com\/de\/wp-content\/uploads\/sites\/2\/2024\/08\/01_Portrait-1024x1024.jpg\" alt=\"Dipl CBH Claudia Jennifer\" \/><figcaption>Dipl Des Dipl CBH Claudia Jennifer Schweikart<\/figcaption><\/figure>\n<\/div>\n<p>Zucker kontrolliert nicht nur deinen K\u00f6rper, sondern oft auch deine Gedanken und Emotionen. Als ehemalige \u201eZuckerabh\u00e4ngige\u201c wei\u00df ich aus eigener Erfahrung, wie schwer es sein kann, diesen Kreislauf zu durchbrechen.<\/p>\n<blockquote><p>Doch ich wei\u00df auch: Es ist m\u00f6glich \u2013 und mit HypnoCoaching erreichst du dieses Ziel vielleicht schneller und nachhaltiger, als du denkst.<\/p><\/blockquote>\n<p>Um dir bestm\u00f6glich zu helfen, habe ich mich am weltweit renommierten UK College for Hypnosis &amp; Hypnotherapy in London zur <strong>klinischen Hypnosetherapeutin<\/strong> ausbilden lassen.<\/p>\n<p>Mein akademisches Diplom wird von einer staatlich beaufsichtigten Institution, dem NCFE (UK), ausgestellt \u2013 ein Zeichen f\u00fcr h\u00f6chste fachliche Standards.<\/p>\n<h3>Mein Ansatz: Fachliche Kompetenz trifft auf gelebte Erfahrung<\/h3>\n<p>Mein Ansatz basiert nicht nur auf fundierter Ausbildung, sondern auch auf meiner au\u00dfergew\u00f6hnlichen pers\u00f6nlichen Lebensgeschichte.<\/p>\n<p>Ich habe viele Probleme und S\u00fcchte \u00fcberwunden, mit denen ich mir fr\u00fcher das Leben schwer gemacht habe \u2013 von Essst\u00f6rungen wie Anorexie und Bulimie bis hin zu Rauchen, Alkohol, Angstst\u00f6rungen, limitierenden Glaubenss\u00e4tzen und Selbstzweifeln.<\/p>\n<p>Schritt f\u00fcr Schritt habe ich all diese Herausforderungen dauerhaft bew\u00e4ltigt \u2013 durch langfristige Selbstentwicklung und einen starken Willen zur Ver\u00e4nderung.<\/p>\n<blockquote><p>Vor 7 Jahren dann den Zucker endg\u00fcltig aus meinem Leben zu verbannen hat nochmal alles ver\u00e4ndert.<\/p><\/blockquote>\n<p>Durch die Umstellung meiner Ern\u00e4hrung \u2013 und die damit einhergehende Verbesserung meiner Darmflora \u2013 sanken meine generellen Angstlevel drastisch. Gleichzeitig stieg meine Energie, Konzentrationsf\u00e4higkeit und innere Klarheit auf ein v\u00f6llig neues Niveau.<\/p>\n<p>Mit diesem neuen Fokus und einer nie dagewesenen mentalen St\u00e4rke wurde ich in meinem damaligen Job extrem erfolgreich. So erfolgreich, dass ich mir die Freiheit nehmen konnte, mich voll und ganz meiner wahren Leidenschaft zu widmen: der Hypnosetherapie.<\/p>\n<blockquote><p>Mit dem Aufh\u00f6ren von Zucker hat sich mein Leben nicht nur k\u00f6rperlich und mental verbessert \u2013 es war, als h\u00e4tte sich ein inneres Tor ge\u00f6ffnet.<\/p><\/blockquote>\n<p>Ich erkannte mit unvergleichlicher Klarheit, was ich wirklich will, und fand den Mut, meinen Herzensberuf zu ergreifen.<\/p>\n<p>Es geht nicht nur um das Aufh\u00f6ren mit Zucker \u2013 es geht um deine Freiheit, dein Wohlbefinden und die beste Version deiner selbst.<\/p>\n<h3><strong>Warum ich Zuckerfrei! HypnoCoaching anbiete<\/strong><\/h3>\n<p>Ich war selbst in der Zuckerspirale gefangen. Ich kenne das emotionale Verlangen, den st\u00e4ndigen Hei\u00dfhunger und die Schuldgef\u00fchle, wenn man sich wieder dem Zucker hingegeben hat.<\/p>\n<p>Ich wei\u00df, wie es ist, wenn der K\u00f6rper immer wieder m\u00fcde, der Geist tr\u00e4ge und das Energielevel im Keller ist. Und das schlechte Gewissen, wenn man wieder etwas Ungesundes gegessen hat.<\/p>\n<blockquote><p>Doch ich habe mich aus diesem Kreislauf befreit \u2013 und mein Leben hat sich dadurch komplett ver\u00e4ndert.<\/p><\/blockquote>\n<p>Heute lebe ich ein energiegeladenes, gesundes Leben \u2013 frei vom Verlangen nach Zucker \u2013 und genau das w\u00fcnsche ich dir auch.<\/p>\n<p>Mit der Kraft von Ma\u00dfnahmen aus der Kognitiven-Verhaltenstherapie mit Hypnose helfe ich dir:<\/p>\n<ul>\n<li>Emotionale Verkn\u00fcpfungen zu Zucker zu l\u00f6sen.<\/li>\n<li>Hei\u00dfhunger und Gewohnheiten nachhaltig zu ver\u00e4ndern.<\/li>\n<li>Dich von Zuckerfallen zu befreien \u2013 m\u00fchelos und dauerhaft.<\/li>\n<\/ul>\n<h3><strong>Wie ich dir helfen kann<\/strong><\/h3>\n<p>Mein Schwerpunkt liegt auf der L\u00f6sung deiner Zuckersucht, aber ich unterst\u00fctze dich auch bei anderen Herausforderungen, die dich daran hindern, dein bestes Selbst zu werden.<\/p>\n<p>Hypnose ist ein unglaublich kraftvolles Werkzeug, das dir helfen kann, in vielen Lebensbereichen transformative Ver\u00e4nderungen zu erreichen, darunter:<\/p>\n<ul>\n<li>\u00c4ngste und Selbstzweifel \u00fcberwinden.<\/li>\n<li>Selbstbewusstsein st\u00e4rken.<\/li>\n<li>Mentale Klarheit und Fokus steigern.<\/li>\n<li>Rauchen aufh\u00f6ren oder Alkoholkonsum reduzieren.<\/li>\n<li>Emotionale Blockaden l\u00f6sen.<\/li>\n<\/ul>\n<p>Doch all das beginnt mit dem Aufh\u00f6ren von Zucker \u2013 denn er ist oft der unsichtbare Ausl\u00f6ser f\u00fcr viele dieser Probleme.<\/p>\n<h3><strong>Meine Reise zur Ver\u00e4nderung<\/strong><\/h3>\n<p>Ich bin den Weg gegangen, auf dem du jetzt bist.<\/p>\n<p>Fr\u00fcher dachte ich: \u201eDas bin ich nun mal. Ich muss damit leben.\u201c Ich f\u00fchlte mich gefangen in meinen Mustern und glaubte, dass meine Probleme \u2013 von Zuckersucht \u00fcber \u00c4ngste bis hin zu Selbstzweifeln \u2013 Teil meines Charakters w\u00e4ren.<\/p>\n<blockquote><p>Doch irgendwann erkannte ich: Diese Probleme sind nicht in Stein gemei\u00dfelt. Sie sind erlernt \u2013 und damit ver\u00e4nderbar.<\/p><\/blockquote>\n<p>An meinem Tiefpunkt begann meine Reise der Selbstver\u00e4nderung. Mit der Zeit entdeckte ich die Prinzipien der kognitiven Verhaltenstherapie und Hypnose.<\/p>\n<p>Diese Erkenntnisse halfen mir, mich zu transformieren: von einer \u201eZuckersklavin\u201c zu einer energiegeladenen, selbstbewussten Frau, die heute ihr Leben liebt.<\/p>\n<h3><strong>Warum ich dir helfen will<\/strong><\/h3>\n<p>Ich m\u00f6chte meine Erkenntnisse und Erfahrungen mit dir teilen, weil ich wei\u00df, wie unglaublich befreiend es ist, aus der Zuckerspirale auszubrechen.<\/p>\n<p>Es ist meine gr\u00f6\u00dfte Freude, Frauen wie dir zu zeigen, dass Ver\u00e4nderung m\u00f6glich ist \u2013 und dass sie oft schneller geht, als du es f\u00fcr m\u00f6glich h\u00e4ltst.<\/p>\n<blockquote><p>Der Schl\u00fcssel liegt in deinem Wunsch, dein bestes Selbst zu werden.<\/p><\/blockquote>\n<p>Mit deinem Willen und meiner Unterst\u00fctzung kannst du die Abk\u00fcrzung nehmen \u2013 und in wenigen Wochen erreichen, was viele alleine erst in Jahren schaffen w\u00fcrden.<\/p>\n<p><strong>Starte jetzt deine Reise in die Zuckerfreiheit \u2013 ich freue mich darauf, dich dabei zu begleiten.<\/strong><\/p>\n<p>\ud83d\udc49 <a href=\"https:\/\/www.wakeupwinged.com\/de\/kontakt\/\"><strong>Buche dein kostenloses Erstgespr\u00e4ch und mach den ersten Schritt!<\/strong><\/a><\/p>\n","protected":false},"excerpt":{"rendered":"<p>Ich bin Claudia Jennifer, klinische Hypnosetherapeutin. Ich helfe dir, dich von Zucker zu befreien \u2013 und das Leben voller Energie und Leichtigkeit zu leben, das du verdienst. Dipl Des&#8230;<\/p>\n","protected":false},"author":1,"featured_media":0,"parent":0,"menu_order":0,"comment_status":"closed","ping_status":"closed","template":"page-full-width","meta":{"footnotes":""},"yoast_head":"<!-- This site is optimized with the Yoast SEO plugin v22.8 - https:\/\/yoast.com\/wordpress\/plugins\/seo\/ -->\n<title>\u00dcber deinen Coach :) - WakeUpWinged<\/title>\n<meta name=\"robots\" content=\"noindex, follow\" \/>\n<meta property=\"og:locale\" content=\"de_DE\" \/>\n<meta property=\"og:type\" content=\"article\" \/>\n<meta property=\"og:title\" content=\"\u00dcber deinen Coach :) - WakeUpWinged\" \/>\n<meta property=\"og:description\" content=\"Ich bin Claudia Jennifer, klinische Hypnosetherapeutin. Ich helfe dir, dich von Zucker zu befreien \u2013 und das Leben voller Energie und Leichtigkeit zu leben, das du verdienst. Dipl Des...\" \/>\n<meta property=\"og:url\" content=\"https:\/\/www.wakeupwinged.com\/de\/ueber\/\" \/>\n<meta property=\"og:site_name\" content=\"WakeUpWinged\" \/>\n<meta property=\"article:modified_time\" content=\"2024-11-27T08:57:54+00:00\" \/>\n<meta property=\"og:image\" content=\"https:\/\/www.wakeupwinged.com\/de\/wp-content\/uploads\/sites\/2\/2024\/08\/01_Portrait-1024x1024.jpg\" \/>\n<meta name=\"twitter:card\" content=\"summary_large_image\" \/>\n<meta name=\"twitter:label1\" content=\"Gesch\u00e4tzte Lesezeit\" \/>\n\t<meta name=\"twitter:data1\" content=\"4\u00a0Minuten\" \/>\n<script type=\"application\/ld+json\" class=\"yoast-schema-graph\">{\"@context\":\"https:\/\/schema.org\",\"@graph\":[{\"@type\":\"WebPage\",\"@id\":\"https:\/\/www.wakeupwinged.com\/de\/ueber\/\",\"url\":\"https:\/\/www.wakeupwinged.com\/de\/ueber\/\",\"name\":\"\u00dcber deinen Coach :) - WakeUpWinged\",\"isPartOf\":{\"@id\":\"https:\/\/www.wakeupwinged.com\/de\/#website\"},\"primaryImageOfPage\":{\"@id\":\"https:\/\/www.wakeupwinged.com\/de\/ueber\/#primaryimage\"},\"image\":{\"@id\":\"https:\/\/www.wakeupwinged.com\/de\/ueber\/#primaryimage\"},\"thumbnailUrl\":\"https:\/\/www.wakeupwinged.com\/de\/wp-content\/uploads\/sites\/2\/2024\/08\/01_Portrait-1024x1024.jpg\",\"datePublished\":\"2024-11-26T12:28:13+00:00\",\"dateModified\":\"2024-11-27T08:57:54+00:00\",\"breadcrumb\":{\"@id\":\"https:\/\/www.wakeupwinged.com\/de\/ueber\/#breadcrumb\"},\"inLanguage\":\"de\",\"potentialAction\":[{\"@type\":\"ReadAction\",\"target\":[\"https:\/\/www.wakeupwinged.com\/de\/ueber\/\"]}]},{\"@type\":\"ImageObject\",\"inLanguage\":\"de\",\"@id\":\"https:\/\/www.wakeupwinged.com\/de\/ueber\/#primaryimage\",\"url\":\"https:\/\/www.wakeupwinged.com\/de\/wp-content\/uploads\/sites\/2\/2024\/08\/01_Portrait.jpg\",\"contentUrl\":\"https:\/\/www.wakeupwinged.com\/de\/wp-content\/uploads\/sites\/2\/2024\/08\/01_Portrait.jpg\",\"width\":1080,\"height\":1080},{\"@type\":\"BreadcrumbList\",\"@id\":\"https:\/\/www.wakeupwinged.com\/de\/ueber\/#breadcrumb\",\"itemListElement\":[{\"@type\":\"ListItem\",\"position\":1,\"name\":\"Startseite\",\"item\":\"https:\/\/www.wakeupwinged.com\/de\/\"},{\"@type\":\"ListItem\",\"position\":2,\"name\":\"\u00dcber deinen Coach :)\"}]},{\"@type\":\"WebSite\",\"@id\":\"https:\/\/www.wakeupwinged.com\/de\/#website\",\"url\":\"https:\/\/www.wakeupwinged.com\/de\/\",\"name\":\"WakeUpWinged\",\"description\":\"Erhebende Hypnotherapy\",\"publisher\":{\"@id\":\"https:\/\/www.wakeupwinged.com\/de\/#organization\"},\"potentialAction\":[{\"@type\":\"SearchAction\",\"target\":{\"@type\":\"EntryPoint\",\"urlTemplate\":\"https:\/\/www.wakeupwinged.com\/de\/?s={search_term_string}\"},\"query-input\":\"required name=search_term_string\"}],\"inLanguage\":\"de\"},{\"@type\":\"Organization\",\"@id\":\"https:\/\/www.wakeupwinged.com\/de\/#organization\",\"name\":\"WakeUpWinged\",\"url\":\"https:\/\/www.wakeupwinged.com\/de\/\",\"logo\":{\"@type\":\"ImageObject\",\"inLanguage\":\"de\",\"@id\":\"https:\/\/www.wakeupwinged.com\/de\/#\/schema\/logo\/image\/\",\"url\":\"https:\/\/www.wakeupwinged.com\/de\/wp-content\/uploads\/sites\/2\/2024\/06\/Logo-150.png\",\"contentUrl\":\"https:\/\/www.wakeupwinged.com\/de\/wp-content\/uploads\/sites\/2\/2024\/06\/Logo-150.png\",\"width\":150,\"height\":150,\"caption\":\"WakeUpWinged\"},\"image\":{\"@id\":\"https:\/\/www.wakeupwinged.com\/de\/#\/schema\/logo\/image\/\"}}]}<\/script>\n<!-- \/ Yoast SEO plugin. -->","yoast_head_json":{"title":"\u00dcber deinen Coach :) - WakeUpWinged","robots":{"index":"noindex","follow":"follow"},"og_locale":"de_DE","og_type":"article","og_title":"\u00dcber deinen Coach :) - WakeUpWinged","og_description":"Ich bin Claudia Jennifer, klinische Hypnosetherapeutin. Ich helfe dir, dich von Zucker zu befreien \u2013 und das Leben voller Energie und Leichtigkeit zu leben, das du verdienst. Dipl Des...","og_url":"https:\/\/www.wakeupwinged.com\/de\/ueber\/","og_site_name":"WakeUpWinged","article_modified_time":"2024-11-27T08:57:54+00:00","og_image":[{"url":"https:\/\/www.wakeupwinged.com\/de\/wp-content\/uploads\/sites\/2\/2024\/08\/01_Portrait-1024x1024.jpg"}],"twitter_card":"summary_large_image","twitter_misc":{"Gesch\u00e4tzte Lesezeit":"4\u00a0Minuten"},"schema":{"@context":"https:\/\/schema.org","@graph":[{"@type":"WebPage","@id":"https:\/\/www.wakeupwinged.com\/de\/ueber\/","url":"https:\/\/www.wakeupwinged.com\/de\/ueber\/","name":"\u00dcber deinen Coach :) - WakeUpWinged","isPartOf":{"@id":"https:\/\/www.wakeupwinged.com\/de\/#website"},"primaryImageOfPage":{"@id":"https:\/\/www.wakeupwinged.com\/de\/ueber\/#primaryimage"},"image":{"@id":"https:\/\/www.wakeupwinged.com\/de\/ueber\/#primaryimage"},"thumbnailUrl":"https:\/\/www.wakeupwinged.com\/de\/wp-content\/uploads\/sites\/2\/2024\/08\/01_Portrait-1024x1024.jpg","datePublished":"2024-11-26T12:28:13+00:00","dateModified":"2024-11-27T08:57:54+00:00","breadcrumb":{"@id":"https:\/\/www.wakeupwinged.com\/de\/ueber\/#breadcrumb"},"inLanguage":"de","potentialAction":[{"@type":"ReadAction","target":["https:\/\/www.wakeupwinged.com\/de\/ueber\/"]}]},{"@type":"ImageObject","inLanguage":"de","@id":"https:\/\/www.wakeupwinged.com\/de\/ueber\/#primaryimage","url":"https:\/\/www.wakeupwinged.com\/de\/wp-content\/uploads\/sites\/2\/2024\/08\/01_Portrait.jpg","contentUrl":"https:\/\/www.wakeupwinged.com\/de\/wp-content\/uploads\/sites\/2\/2024\/08\/01_Portrait.jpg","width":1080,"height":1080},{"@type":"BreadcrumbList","@id":"https:\/\/www.wakeupwinged.com\/de\/ueber\/#breadcrumb","itemListElement":[{"@type":"ListItem","position":1,"name":"Startseite","item":"https:\/\/www.wakeupwinged.com\/de\/"},{"@type":"ListItem","position":2,"name":"\u00dcber deinen Coach :)"}]},{"@type":"WebSite","@id":"https:\/\/www.wakeupwinged.com\/de\/#website","url":"https:\/\/www.wakeupwinged.com\/de\/","name":"WakeUpWinged","description":"Erhebende Hypnotherapy","publisher":{"@id":"https:\/\/www.wakeupwinged.com\/de\/#organization"},"potentialAction":[{"@type":"SearchAction","target":{"@type":"EntryPoint","urlTemplate":"https:\/\/www.wakeupwinged.com\/de\/?s={search_term_string}"},"query-input":"required name=search_term_string"}],"inLanguage":"de"},{"@type":"Organization","@id":"https:\/\/www.wakeupwinged.com\/de\/#organization","name":"WakeUpWinged","url":"https:\/\/www.wakeupwinged.com\/de\/","logo":{"@type":"ImageObject","inLanguage":"de","@id":"https:\/\/www.wakeupwinged.com\/de\/#\/schema\/logo\/image\/","url":"https:\/\/www.wakeupwinged.com\/de\/wp-content\/uploads\/sites\/2\/2024\/06\/Logo-150.png","contentUrl":"https:\/\/www.wakeupwinged.com\/de\/wp-content\/uploads\/sites\/2\/2024\/06\/Logo-150.png","width":150,"height":150,"caption":"WakeUpWinged"},"image":{"@id":"https:\/\/www.wakeupwinged.com\/de\/#\/schema\/logo\/image\/"}}]}},"_links":{"self":[{"href":"https:\/\/www.wakeupwinged.com\/de\/wp-json\/wp\/v2\/pages\/2340"}],"collection":[{"href":"https:\/\/www.wakeupwinged.com\/de\/wp-json\/wp\/v2\/pages"}],"about":[{"href":"https:\/\/www.wakeupwinged.com\/de\/wp-json\/wp\/v2\/types\/page"}],"author":[{"embeddable":true,"href":"https:\/\/www.wakeupwinged.com\/de\/wp-json\/wp\/v2\/users\/1"}],"replies":[{"embeddable":true,"href":"https:\/\/www.wakeupwinged.com\/de\/wp-json\/wp\/v2\/comments?post=2340"}],"version-history":[{"count":25,"href":"https:\/\/www.wakeupwinged.com\/de\/wp-json\/wp\/v2\/pages\/2340\/revisions"}],"predecessor-version":[{"id":2371,"href":"https:\/\/www.wakeupwinged.com\/de\/wp-json\/wp\/v2\/pages\/2340\/revisions\/2371"}],"wp:attachment":[{"href":"https:\/\/www.wakeupwinged.com\/de\/wp-json\/wp\/v2\/media?parent=2340"}],"curies":[{"name":"wp","href":"https:\/\/api.w.org\/{rel}","templated":true}]}}