{"id":2058,"date":"2024-09-24T10:22:02","date_gmt":"2024-09-24T10:22:02","guid":{"rendered":"https:\/\/www.wakeupwinged.com\/de\/?page_id=2058"},"modified":"2024-09-24T12:28:15","modified_gmt":"2024-09-24T12:28:15","slug":"online-hypnosecoaching","status":"publish","type":"page","link":"https:\/\/www.wakeupwinged.com\/de\/online-hypnosecoaching\/","title":{"rendered":"Online HypnoseCoaching: Tiefgreifendes pers\u00f6nliches Wachstum"},"content":{"rendered":"<h3>Willkommen bei WakeUpWinged!<\/h3>\n<p>Pers\u00f6nliche und berufliche Entwicklung durch Hypnose kombiniert mit kognitiven Verhaltenstechniken (CBT) \u2013 ein kraftvoller Ansatz, um innere Blockaden zu \u00fcberwinden und dein volles Potenzial zu entfalten.<\/p>\n<p>Hast du das Gef\u00fchl, dass etwas dich daran hindert, deine Ziele zu erreichen oder dein Leben in vollen Z\u00fcgen zu genie\u00dfen? M\u00f6chtest du deine Leistung verbessern, Stress abbauen oder mehr Resilienz aufbauen? Dann k\u00f6nnte HypnoCoaching genau das Richtige f\u00fcr dich sein.<\/p>\n<p>Bei WakeUpWinged biete ich neben Hypnostherapie auch HypnoseCoaching an, um dich bei der pers\u00f6nlichen und beruflichen Entwicklung zu unterst\u00fctzen. Hier geht es weniger um klinische Probleme, als vielmehr um pers\u00f6nliche Problembew\u00e4ltigung und pers\u00f6nliches Wachstum, wenn du denkst, dass du feststeckst und allein nicht weiter kommst.<\/p>\n<p>Hypnose in Kombination mit CBT hilft dir, deine inneren Barrieren zu \u00fcberwinden, mentale Klarheit zu erlangen und deine Ziele effektiver zu verfolgen. Ob im Job, in deiner Karriere oder bei pers\u00f6nlichen Herausforderungen \u2013 HypnoCoaching bietet dir die Werkzeuge, die du brauchst, um deine besten Leistungen zu erbringen.<\/p>\n<h3>Was ist HypnoseCoaching?<\/h3>\n<p><strong>HypnoseCoaching<\/strong> kombiniert die kraftvollen Techniken der Hypnose mit den evidenzbasierten Methoden der kognitiven Verhaltenstherapie (CBT), um tief verwurzelte Denkmuster zu ver\u00e4ndern und positive, nachhaltige Verhaltensweisen zu f\u00f6rdern. W\u00e4hrend Hypnosetherapie oft auf die Behandlung von Problemen wie Angst oder Stress abzielt, konzentriert sich HypnoseCoaching auf pers\u00f6nliche Weiterentwicklung und Zielerreichung.<\/p>\n<p>Es ist ideal f\u00fcr Menschen, die auf der Suche nach Klarheit, Motivation und neuen Wegen sind, um beruflich und pers\u00f6nlich zu wachsen. HypnoseCoaching eignet sich besonders f\u00fcr Situationen wie:<\/p>\n<ul>\n<li><strong>Leistungssteigerung:<\/strong> Ob im Sport, im Beruf oder im Alltag \u2013 HypnoseCoaching hilft dir, deine Leistung zu optimieren.<\/li>\n<li><strong>Stressbew\u00e4ltigung:<\/strong> Lerne effektive Techniken, um Stress zu reduzieren und in herausfordernden Situationen gelassener zu bleiben.<\/li>\n<li><strong>Pers\u00f6nliches Wachstum:<\/strong> \u00dcberwinde mentale Blockaden und entwickle neue, positive Denk- und Verhaltensweisen, die dir helfen, deine Ziele zu erreichen.<\/li>\n<li><strong>Dating und Beziehungsleben:<\/strong> HypnoseCoaching kann dir helfen, Unsicherheiten und \u00c4ngste im Umgang mit potenziellen Partnern zu \u00fcberwinden und eine positive, selbstbewusste Einstellung zu entwickeln.<\/li>\n<li><strong>Perfektionismus \u00fcberwinden:<\/strong> Lerne, dich von \u00fcberh\u00f6hten Anspr\u00fcchen zu befreien, ges\u00fcndere Ma\u00dfst\u00e4be zu setzen und mehr Gelassenheit im Alltag zu finden.<\/li>\n<li><strong>Work-Life-Balance finden:<\/strong> Entwickle neue Strategien, um beruflichen Erfolg und pers\u00f6nliche Erf\u00fcllung in Einklang zu bringen, ohne dabei auszubrennen.<\/li>\n<li><strong>Motivation und Prokrastination:<\/strong> \u00dcberwinde Aufschieberitis, baue eine nachhaltige Motivation auf und erziele langfristige Erfolge bei Projekten oder Zielen.<\/li>\n<\/ul>\n<h3>Wie funktioniert Online HypnoseCoaching?<\/h3>\n<p><strong>Online HypnoseCoaching<\/strong> bietet dir die Flexibilit\u00e4t, deine Coaching-Sitzungen bequem von zu Hause oder von jedem anderen Ort aus wahrzunehmen. Hier erf\u00e4hrst du, wie der Prozess funktioniert und was du beachten solltest:<\/p>\n<ul>\n<li>Plattform: Alle Sitzungen finden \u00fcber Zoom statt, was dir Flexibilit\u00e4t und Komfort bietet. Du ben\u00f6tigst lediglich eine stabile Internetverbindung und einen ruhigen, ungest\u00f6rten Raum, in dem du dich konzentrieren kannst.<\/li>\n<li>Vorbereitung: Vor der Sitzung erh\u00e4ltst du oft Materialien oder kurze \u00dcbungen, die dich auf das Coaching-Thema vorbereiten und dabei helfen, Klarheit \u00fcber deine Ziele zu gewinnen.<\/li>\n<li>Kostenloses Erstgespr\u00e4ch: Bevor das Coaching beginnt, biete ich dir ein **20-min\u00fctiges kostenloses Erstgespr\u00e4ch** an. Hier kl\u00e4ren wir deine Ziele und W\u00fcnsche und stellen sicher, dass HypnoseCoaching die richtige Methode f\u00fcr dich ist.<\/li>\n<li>Sitzungsstruktur: Jede Sitzung dauert in der Regel 60 bis 90 Minuten. Wir beginnen mit einer Analyse deiner aktuellen Situation und Ziele, bevor wir in den hypnotischen Teil \u00fcbergehen. In der Hypnose arbeiten wir gezielt an den inneren Hindernissen, die dich von deinen Zielen abhalten.<\/li>\n<li>Nachbereitung: Nach der Sitzung erh\u00e4ltst du Aufgaben oder \u00dcbungen, die dir helfen, das Gelernte zu vertiefen und in deinen Alltag zu integrieren. So stellst du sicher, dass die Ver\u00e4nderungen nachhaltig sind.<\/li>\n<li>Online HypnoseCoaching ist eine effektive und flexible M\u00f6glichkeit, an deiner pers\u00f6nlichen und beruflichen Weiterentwicklung zu arbeiten \u2013 unabh\u00e4ngig von deinem Standort. Alles, was du brauchst, ist die Bereitschaft zur Ver\u00e4nderung, eine positive Einstellung und einen ruhigen, ungest\u00f6rten Raum.<\/li>\n<\/ul>\n<h3>Vorteile von Online HypnoseCoaching<\/h3>\n<p>Online HypnoseCoaching erm\u00f6glicht es dir, tiefgreifende, positive Ver\u00e4nderungen zu erleben, indem du neue Denk- und Verhaltensmuster entwickelst. Egal, ob du im Berufsleben erfolgreicher sein m\u00f6chtest, pers\u00f6nliche Blockaden l\u00f6sen oder neue Ziele erreichen willst \u2013 HypnoseCoaching bietet dir die Werkzeuge, die du brauchst, um dein volles Potenzial zu entfalten.<\/p>\n<h3>Starte deine Reise zu pers\u00f6nlichem Erfolg!<\/h3>\n<p>Mit Online HypnoseCoaching kannst du mentale Barrieren \u00fcberwinden und neue H\u00f6hen in deinem pers\u00f6nlichen und beruflichen Leben erreichen. Kontaktiere mich noch heute f\u00fcr dein kostenloses Erstgespr\u00e4ch und beginne den Weg zu mehr Klarheit, Erfolg und Zufriedenheit.<\/p>\n<p><a class=\"wp-block-button__link has-background-color has-tertiary-background-color has-text-color has-background wp-element-button\" style=\"text-decoration: none;\" href=\"https:\/\/www.wakeupwinged.com\/de\/kontakt\">Jetzt kontaktieren<\/a><\/p>\n<p>Erfahre <a href=\"https:\/\/www.wakeupwinged.com\/de\/ueber-die-therapeutin\/\">hier mehr \u00fcber mich<\/a>.<\/p>\n","protected":false},"excerpt":{"rendered":"<p>Willkommen bei WakeUpWinged! Pers\u00f6nliche und berufliche Entwicklung durch Hypnose kombiniert mit kognitiven Verhaltenstechniken (CBT) \u2013 ein kraftvoller Ansatz, um innere Blockaden zu \u00fcberwinden und dein volles Potenzial zu entfalten&#8230;.<\/p>\n","protected":false},"author":1,"featured_media":0,"parent":0,"menu_order":0,"comment_status":"closed","ping_status":"closed","template":"page-with-right-sidebar","meta":{"footnotes":""},"yoast_head":"<!-- This site is optimized with the Yoast SEO plugin v22.8 - https:\/\/yoast.com\/wordpress\/plugins\/seo\/ -->\n<title>Online HypnoseCoaching: Tiefgreifendes pers\u00f6nliches Wachstum - WakeUpWinged<\/title>\n<meta name=\"description\" content=\"Erreiche pers\u00f6nliche und berufliche Ziele mit Online HypnoCoaching. \u00dcberwinde mentale Barrieren, verbessere Leistung und finde innere Balance durch Hypnose und kognitive Verhaltenstechniken (CBT) \u2013 bequem von zu Hause aus.\" \/>\n<meta name=\"robots\" content=\"index, follow, max-snippet:-1, max-image-preview:large, max-video-preview:-1\" \/>\n<link rel=\"canonical\" href=\"https:\/\/www.wakeupwinged.com\/de\/online-hypnosecoaching\/\" \/>\n<meta property=\"og:locale\" content=\"de_DE\" \/>\n<meta property=\"og:type\" content=\"article\" \/>\n<meta property=\"og:title\" content=\"Online HypnoseCoaching: Tiefgreifendes pers\u00f6nliches Wachstum - WakeUpWinged\" \/>\n<meta property=\"og:description\" content=\"Erreiche pers\u00f6nliche und berufliche Ziele mit Online HypnoCoaching. \u00dcberwinde mentale Barrieren, verbessere Leistung und finde innere Balance durch Hypnose und kognitive Verhaltenstechniken (CBT) \u2013 bequem von zu Hause aus.\" \/>\n<meta property=\"og:url\" content=\"https:\/\/www.wakeupwinged.com\/de\/online-hypnosecoaching\/\" \/>\n<meta property=\"og:site_name\" content=\"WakeUpWinged\" \/>\n<meta property=\"article:modified_time\" content=\"2024-09-24T12:28:15+00:00\" \/>\n<meta name=\"twitter:card\" content=\"summary_large_image\" \/>\n<meta name=\"twitter:label1\" content=\"Gesch\u00e4tzte Lesezeit\" \/>\n\t<meta name=\"twitter:data1\" content=\"4\u00a0Minuten\" \/>\n<script type=\"application\/ld+json\" class=\"yoast-schema-graph\">{\"@context\":\"https:\/\/schema.org\",\"@graph\":[{\"@type\":\"WebPage\",\"@id\":\"https:\/\/www.wakeupwinged.com\/de\/online-hypnosecoaching\/\",\"url\":\"https:\/\/www.wakeupwinged.com\/de\/online-hypnosecoaching\/\",\"name\":\"Online HypnoseCoaching: Tiefgreifendes pers\u00f6nliches Wachstum - WakeUpWinged\",\"isPartOf\":{\"@id\":\"https:\/\/www.wakeupwinged.com\/de\/#website\"},\"datePublished\":\"2024-09-24T10:22:02+00:00\",\"dateModified\":\"2024-09-24T12:28:15+00:00\",\"description\":\"Erreiche pers\u00f6nliche und berufliche Ziele mit Online HypnoCoaching. \u00dcberwinde mentale Barrieren, verbessere Leistung und finde innere Balance durch Hypnose und kognitive Verhaltenstechniken (CBT) \u2013 bequem von zu Hause aus.\",\"breadcrumb\":{\"@id\":\"https:\/\/www.wakeupwinged.com\/de\/online-hypnosecoaching\/#breadcrumb\"},\"inLanguage\":\"de\",\"potentialAction\":[{\"@type\":\"ReadAction\",\"target\":[\"https:\/\/www.wakeupwinged.com\/de\/online-hypnosecoaching\/\"]}]},{\"@type\":\"BreadcrumbList\",\"@id\":\"https:\/\/www.wakeupwinged.com\/de\/online-hypnosecoaching\/#breadcrumb\",\"itemListElement\":[{\"@type\":\"ListItem\",\"position\":1,\"name\":\"Startseite\",\"item\":\"https:\/\/www.wakeupwinged.com\/de\/\"},{\"@type\":\"ListItem\",\"position\":2,\"name\":\"Online HypnoseCoaching: Tiefgreifendes pers\u00f6nliches Wachstum\"}]},{\"@type\":\"WebSite\",\"@id\":\"https:\/\/www.wakeupwinged.com\/de\/#website\",\"url\":\"https:\/\/www.wakeupwinged.com\/de\/\",\"name\":\"WakeUpWinged\",\"description\":\"Erhebende Hypnotherapy\",\"publisher\":{\"@id\":\"https:\/\/www.wakeupwinged.com\/de\/#organization\"},\"potentialAction\":[{\"@type\":\"SearchAction\",\"target\":{\"@type\":\"EntryPoint\",\"urlTemplate\":\"https:\/\/www.wakeupwinged.com\/de\/?s={search_term_string}\"},\"query-input\":\"required name=search_term_string\"}],\"inLanguage\":\"de\"},{\"@type\":\"Organization\",\"@id\":\"https:\/\/www.wakeupwinged.com\/de\/#organization\",\"name\":\"WakeUpWinged\",\"url\":\"https:\/\/www.wakeupwinged.com\/de\/\",\"logo\":{\"@type\":\"ImageObject\",\"inLanguage\":\"de\",\"@id\":\"https:\/\/www.wakeupwinged.com\/de\/#\/schema\/logo\/image\/\",\"url\":\"https:\/\/www.wakeupwinged.com\/de\/wp-content\/uploads\/sites\/2\/2024\/06\/Logo-150.png\",\"contentUrl\":\"https:\/\/www.wakeupwinged.com\/de\/wp-content\/uploads\/sites\/2\/2024\/06\/Logo-150.png\",\"width\":150,\"height\":150,\"caption\":\"WakeUpWinged\"},\"image\":{\"@id\":\"https:\/\/www.wakeupwinged.com\/de\/#\/schema\/logo\/image\/\"}}]}<\/script>\n<!-- \/ Yoast SEO plugin. -->","yoast_head_json":{"title":"Online HypnoseCoaching: Tiefgreifendes pers\u00f6nliches Wachstum - WakeUpWinged","description":"Erreiche pers\u00f6nliche und berufliche Ziele mit Online HypnoCoaching. \u00dcberwinde mentale Barrieren, verbessere Leistung und finde innere Balance durch Hypnose und kognitive Verhaltenstechniken (CBT) \u2013 bequem von zu Hause aus.","robots":{"index":"index","follow":"follow","max-snippet":"max-snippet:-1","max-image-preview":"max-image-preview:large","max-video-preview":"max-video-preview:-1"},"canonical":"https:\/\/www.wakeupwinged.com\/de\/online-hypnosecoaching\/","og_locale":"de_DE","og_type":"article","og_title":"Online HypnoseCoaching: Tiefgreifendes pers\u00f6nliches Wachstum - WakeUpWinged","og_description":"Erreiche pers\u00f6nliche und berufliche Ziele mit Online HypnoCoaching. \u00dcberwinde mentale Barrieren, verbessere Leistung und finde innere Balance durch Hypnose und kognitive Verhaltenstechniken (CBT) \u2013 bequem von zu Hause aus.","og_url":"https:\/\/www.wakeupwinged.com\/de\/online-hypnosecoaching\/","og_site_name":"WakeUpWinged","article_modified_time":"2024-09-24T12:28:15+00:00","twitter_card":"summary_large_image","twitter_misc":{"Gesch\u00e4tzte Lesezeit":"4\u00a0Minuten"},"schema":{"@context":"https:\/\/schema.org","@graph":[{"@type":"WebPage","@id":"https:\/\/www.wakeupwinged.com\/de\/online-hypnosecoaching\/","url":"https:\/\/www.wakeupwinged.com\/de\/online-hypnosecoaching\/","name":"Online HypnoseCoaching: Tiefgreifendes pers\u00f6nliches Wachstum - WakeUpWinged","isPartOf":{"@id":"https:\/\/www.wakeupwinged.com\/de\/#website"},"datePublished":"2024-09-24T10:22:02+00:00","dateModified":"2024-09-24T12:28:15+00:00","description":"Erreiche pers\u00f6nliche und berufliche Ziele mit Online HypnoCoaching. \u00dcberwinde mentale Barrieren, verbessere Leistung und finde innere Balance durch Hypnose und kognitive Verhaltenstechniken (CBT) \u2013 bequem von zu Hause aus.","breadcrumb":{"@id":"https:\/\/www.wakeupwinged.com\/de\/online-hypnosecoaching\/#breadcrumb"},"inLanguage":"de","potentialAction":[{"@type":"ReadAction","target":["https:\/\/www.wakeupwinged.com\/de\/online-hypnosecoaching\/"]}]},{"@type":"BreadcrumbList","@id":"https:\/\/www.wakeupwinged.com\/de\/online-hypnosecoaching\/#breadcrumb","itemListElement":[{"@type":"ListItem","position":1,"name":"Startseite","item":"https:\/\/www.wakeupwinged.com\/de\/"},{"@type":"ListItem","position":2,"name":"Online HypnoseCoaching: Tiefgreifendes pers\u00f6nliches Wachstum"}]},{"@type":"WebSite","@id":"https:\/\/www.wakeupwinged.com\/de\/#website","url":"https:\/\/www.wakeupwinged.com\/de\/","name":"WakeUpWinged","description":"Erhebende Hypnotherapy","publisher":{"@id":"https:\/\/www.wakeupwinged.com\/de\/#organization"},"potentialAction":[{"@type":"SearchAction","target":{"@type":"EntryPoint","urlTemplate":"https:\/\/www.wakeupwinged.com\/de\/?s={search_term_string}"},"query-input":"required name=search_term_string"}],"inLanguage":"de"},{"@type":"Organization","@id":"https:\/\/www.wakeupwinged.com\/de\/#organization","name":"WakeUpWinged","url":"https:\/\/www.wakeupwinged.com\/de\/","logo":{"@type":"ImageObject","inLanguage":"de","@id":"https:\/\/www.wakeupwinged.com\/de\/#\/schema\/logo\/image\/","url":"https:\/\/www.wakeupwinged.com\/de\/wp-content\/uploads\/sites\/2\/2024\/06\/Logo-150.png","contentUrl":"https:\/\/www.wakeupwinged.com\/de\/wp-content\/uploads\/sites\/2\/2024\/06\/Logo-150.png","width":150,"height":150,"caption":"WakeUpWinged"},"image":{"@id":"https:\/\/www.wakeupwinged.com\/de\/#\/schema\/logo\/image\/"}}]}},"_links":{"self":[{"href":"https:\/\/www.wakeupwinged.com\/de\/wp-json\/wp\/v2\/pages\/2058"}],"collection":[{"href":"https:\/\/www.wakeupwinged.com\/de\/wp-json\/wp\/v2\/pages"}],"about":[{"href":"https:\/\/www.wakeupwinged.com\/de\/wp-json\/wp\/v2\/types\/page"}],"author":[{"embeddable":true,"href":"https:\/\/www.wakeupwinged.com\/de\/wp-json\/wp\/v2\/users\/1"}],"replies":[{"embeddable":true,"href":"https:\/\/www.wakeupwinged.com\/de\/wp-json\/wp\/v2\/comments?post=2058"}],"version-history":[{"count":2,"href":"https:\/\/www.wakeupwinged.com\/de\/wp-json\/wp\/v2\/pages\/2058\/revisions"}],"predecessor-version":[{"id":2062,"href":"https:\/\/www.wakeupwinged.com\/de\/wp-json\/wp\/v2\/pages\/2058\/revisions\/2062"}],"wp:attachment":[{"href":"https:\/\/www.wakeupwinged.com\/de\/wp-json\/wp\/v2\/media?parent=2058"}],"curies":[{"name":"wp","href":"https:\/\/api.w.org\/{rel}","templated":true}]}}