{"id":1726,"date":"2024-07-02T09:27:42","date_gmt":"2024-07-02T09:27:42","guid":{"rendered":"https:\/\/www.wakeupwinged.com\/de\/?page_id=1726"},"modified":"2025-01-30T22:22:34","modified_gmt":"2025-01-30T22:22:34","slug":"kostenlose-selbsthypnose","status":"publish","type":"page","link":"https:\/\/www.wakeupwinged.com\/de\/kostenlose-selbsthypnose\/","title":{"rendered":"Kostenlose Selbsthypnose zum sofort Entspannen"},"content":{"rendered":"<p>Hypnosetherapie kann einen unglaublichen Einfluss auf dein Leben haben.<\/p>\n<p>Dein Wohlbefinden, deine geistige Gesundheit, deine Fitness, dein komplettes Selbstbild, wie du dich in deiner Haut f\u00fchlst, welche M\u00f6glichkeiten sich dir dadurch privat und beruflich bieten, k\u00f6nnen mit Hypnosetherapie neue Ebenen erreichen.<\/p>\n<p>Meine pers\u00f6nliche Erfahrung ist, dass sie mir in absolut jedem Bereich meines Lebens geholfen hat. Die \u00dcberwindung von \u00c4ngsten und das Erreichen eines unglaublichen wirtschaftlichen Erfolgs waren die gr\u00f6\u00dften Erfolge, abgesehen davon, dass ich die ges\u00fcndeste und fitteste Version meiner selbst geworden bin.<\/p>\n<blockquote><p>Du kannst das Gleiche tun, wenn du es wirklich willst, und ich w\u00fcrde mich sehr freuen, dir dabei zu helfen, die beste Version von dir selbst zu werden.<\/p><\/blockquote>\n<p>Erlebe die positive Wirkung der Selbsthypnose kostenlos mit einer 23-min\u00fctigen Aufnahme zur Entspannung und zum Stressabbau.<\/p>\n<p>Entspannung ist die ideale Basis f\u00fcr jede Ver\u00e4nderung. Aus der Ruhe sch\u00f6pfen wir Kraft. Und aus der Ruhe heraus kannst du dich ver\u00e4ndern. Sie schafft den Raum, in dem du beginnen kannst, dein wahres Potenzial zu entfalten.<\/p>\n<p>Wenn du damit tiefe Entspannung erreichst, profitierst du wahrscheinlich sehr stark von Hypnosetherapie f\u00fcr deine individuellen Herausforderungen.<\/p>\n<p>Viel Freude und vor allem Entspannung beim Anh\u00f6ren. Bitte nutze Kopfh\u00f6rer, dadurch bekommst du den st\u00e4rksten Effekt.<\/p>\n<p>Ich w\u00fcrde mich \u00fcber dein Feedback sehr freuen.<\/p>\n","protected":false},"excerpt":{"rendered":"<p>Hypnosetherapie kann einen unglaublichen Einfluss auf dein Leben haben. Dein Wohlbefinden, deine geistige Gesundheit, deine Fitness, dein komplettes Selbstbild, wie du dich in deiner Haut f\u00fchlst, welche M\u00f6glichkeiten sich&#8230;<\/p>\n","protected":false},"author":1,"featured_media":0,"parent":0,"menu_order":0,"comment_status":"closed","ping_status":"closed","template":"wp-custom-template-gratis-selbst-hypnose","meta":{"footnotes":""},"yoast_head":"<!-- This site is optimized with the Yoast SEO plugin v22.8 - https:\/\/yoast.com\/wordpress\/plugins\/seo\/ -->\n<title>Kostenlose Selbsthypnose zum sofort Entspannen - WakeUpWinged<\/title>\n<meta name=\"robots\" content=\"index, follow, max-snippet:-1, max-image-preview:large, max-video-preview:-1\" \/>\n<link rel=\"canonical\" href=\"https:\/\/www.wakeupwinged.com\/de\/kostenlose-selbsthypnose\/\" \/>\n<meta property=\"og:locale\" content=\"de_DE\" \/>\n<meta property=\"og:type\" content=\"article\" \/>\n<meta property=\"og:title\" content=\"Kostenlose Selbsthypnose zum sofort Entspannen - WakeUpWinged\" \/>\n<meta property=\"og:description\" content=\"Hypnosetherapie kann einen unglaublichen Einfluss auf dein Leben haben. Dein Wohlbefinden, deine geistige Gesundheit, deine Fitness, dein komplettes Selbstbild, wie du dich in deiner Haut f\u00fchlst, welche M\u00f6glichkeiten sich...\" \/>\n<meta property=\"og:url\" content=\"https:\/\/www.wakeupwinged.com\/de\/kostenlose-selbsthypnose\/\" \/>\n<meta property=\"og:site_name\" content=\"WakeUpWinged\" \/>\n<meta property=\"article:modified_time\" content=\"2025-01-30T22:22:34+00:00\" \/>\n<meta name=\"twitter:card\" content=\"summary_large_image\" \/>\n<meta name=\"twitter:label1\" content=\"Gesch\u00e4tzte Lesezeit\" \/>\n\t<meta name=\"twitter:data1\" content=\"1\u00a0Minute\" \/>\n<script type=\"application\/ld+json\" class=\"yoast-schema-graph\">{\"@context\":\"https:\/\/schema.org\",\"@graph\":[{\"@type\":\"WebPage\",\"@id\":\"https:\/\/www.wakeupwinged.com\/de\/kostenlose-selbsthypnose\/\",\"url\":\"https:\/\/www.wakeupwinged.com\/de\/kostenlose-selbsthypnose\/\",\"name\":\"Kostenlose Selbsthypnose zum sofort Entspannen - WakeUpWinged\",\"isPartOf\":{\"@id\":\"https:\/\/www.wakeupwinged.com\/de\/#website\"},\"datePublished\":\"2024-07-02T09:27:42+00:00\",\"dateModified\":\"2025-01-30T22:22:34+00:00\",\"breadcrumb\":{\"@id\":\"https:\/\/www.wakeupwinged.com\/de\/kostenlose-selbsthypnose\/#breadcrumb\"},\"inLanguage\":\"de\",\"potentialAction\":[{\"@type\":\"ReadAction\",\"target\":[\"https:\/\/www.wakeupwinged.com\/de\/kostenlose-selbsthypnose\/\"]}]},{\"@type\":\"BreadcrumbList\",\"@id\":\"https:\/\/www.wakeupwinged.com\/de\/kostenlose-selbsthypnose\/#breadcrumb\",\"itemListElement\":[{\"@type\":\"ListItem\",\"position\":1,\"name\":\"Startseite\",\"item\":\"https:\/\/www.wakeupwinged.com\/de\/\"},{\"@type\":\"ListItem\",\"position\":2,\"name\":\"Kostenlose Selbsthypnose zum sofort Entspannen\"}]},{\"@type\":\"WebSite\",\"@id\":\"https:\/\/www.wakeupwinged.com\/de\/#website\",\"url\":\"https:\/\/www.wakeupwinged.com\/de\/\",\"name\":\"WakeUpWinged\",\"description\":\"Erhebende Hypnotherapy\",\"publisher\":{\"@id\":\"https:\/\/www.wakeupwinged.com\/de\/#organization\"},\"potentialAction\":[{\"@type\":\"SearchAction\",\"target\":{\"@type\":\"EntryPoint\",\"urlTemplate\":\"https:\/\/www.wakeupwinged.com\/de\/?s={search_term_string}\"},\"query-input\":\"required name=search_term_string\"}],\"inLanguage\":\"de\"},{\"@type\":\"Organization\",\"@id\":\"https:\/\/www.wakeupwinged.com\/de\/#organization\",\"name\":\"WakeUpWinged\",\"url\":\"https:\/\/www.wakeupwinged.com\/de\/\",\"logo\":{\"@type\":\"ImageObject\",\"inLanguage\":\"de\",\"@id\":\"https:\/\/www.wakeupwinged.com\/de\/#\/schema\/logo\/image\/\",\"url\":\"https:\/\/www.wakeupwinged.com\/de\/wp-content\/uploads\/sites\/2\/2024\/06\/Logo-150.png\",\"contentUrl\":\"https:\/\/www.wakeupwinged.com\/de\/wp-content\/uploads\/sites\/2\/2024\/06\/Logo-150.png\",\"width\":150,\"height\":150,\"caption\":\"WakeUpWinged\"},\"image\":{\"@id\":\"https:\/\/www.wakeupwinged.com\/de\/#\/schema\/logo\/image\/\"}}]}<\/script>\n<!-- \/ Yoast SEO plugin. -->","yoast_head_json":{"title":"Kostenlose Selbsthypnose zum sofort Entspannen - WakeUpWinged","robots":{"index":"index","follow":"follow","max-snippet":"max-snippet:-1","max-image-preview":"max-image-preview:large","max-video-preview":"max-video-preview:-1"},"canonical":"https:\/\/www.wakeupwinged.com\/de\/kostenlose-selbsthypnose\/","og_locale":"de_DE","og_type":"article","og_title":"Kostenlose Selbsthypnose zum sofort Entspannen - WakeUpWinged","og_description":"Hypnosetherapie kann einen unglaublichen Einfluss auf dein Leben haben. Dein Wohlbefinden, deine geistige Gesundheit, deine Fitness, dein komplettes Selbstbild, wie du dich in deiner Haut f\u00fchlst, welche M\u00f6glichkeiten sich...","og_url":"https:\/\/www.wakeupwinged.com\/de\/kostenlose-selbsthypnose\/","og_site_name":"WakeUpWinged","article_modified_time":"2025-01-30T22:22:34+00:00","twitter_card":"summary_large_image","twitter_misc":{"Gesch\u00e4tzte Lesezeit":"1\u00a0Minute"},"schema":{"@context":"https:\/\/schema.org","@graph":[{"@type":"WebPage","@id":"https:\/\/www.wakeupwinged.com\/de\/kostenlose-selbsthypnose\/","url":"https:\/\/www.wakeupwinged.com\/de\/kostenlose-selbsthypnose\/","name":"Kostenlose Selbsthypnose zum sofort Entspannen - WakeUpWinged","isPartOf":{"@id":"https:\/\/www.wakeupwinged.com\/de\/#website"},"datePublished":"2024-07-02T09:27:42+00:00","dateModified":"2025-01-30T22:22:34+00:00","breadcrumb":{"@id":"https:\/\/www.wakeupwinged.com\/de\/kostenlose-selbsthypnose\/#breadcrumb"},"inLanguage":"de","potentialAction":[{"@type":"ReadAction","target":["https:\/\/www.wakeupwinged.com\/de\/kostenlose-selbsthypnose\/"]}]},{"@type":"BreadcrumbList","@id":"https:\/\/www.wakeupwinged.com\/de\/kostenlose-selbsthypnose\/#breadcrumb","itemListElement":[{"@type":"ListItem","position":1,"name":"Startseite","item":"https:\/\/www.wakeupwinged.com\/de\/"},{"@type":"ListItem","position":2,"name":"Kostenlose Selbsthypnose zum sofort Entspannen"}]},{"@type":"WebSite","@id":"https:\/\/www.wakeupwinged.com\/de\/#website","url":"https:\/\/www.wakeupwinged.com\/de\/","name":"WakeUpWinged","description":"Erhebende Hypnotherapy","publisher":{"@id":"https:\/\/www.wakeupwinged.com\/de\/#organization"},"potentialAction":[{"@type":"SearchAction","target":{"@type":"EntryPoint","urlTemplate":"https:\/\/www.wakeupwinged.com\/de\/?s={search_term_string}"},"query-input":"required name=search_term_string"}],"inLanguage":"de"},{"@type":"Organization","@id":"https:\/\/www.wakeupwinged.com\/de\/#organization","name":"WakeUpWinged","url":"https:\/\/www.wakeupwinged.com\/de\/","logo":{"@type":"ImageObject","inLanguage":"de","@id":"https:\/\/www.wakeupwinged.com\/de\/#\/schema\/logo\/image\/","url":"https:\/\/www.wakeupwinged.com\/de\/wp-content\/uploads\/sites\/2\/2024\/06\/Logo-150.png","contentUrl":"https:\/\/www.wakeupwinged.com\/de\/wp-content\/uploads\/sites\/2\/2024\/06\/Logo-150.png","width":150,"height":150,"caption":"WakeUpWinged"},"image":{"@id":"https:\/\/www.wakeupwinged.com\/de\/#\/schema\/logo\/image\/"}}]}},"_links":{"self":[{"href":"https:\/\/www.wakeupwinged.com\/de\/wp-json\/wp\/v2\/pages\/1726"}],"collection":[{"href":"https:\/\/www.wakeupwinged.com\/de\/wp-json\/wp\/v2\/pages"}],"about":[{"href":"https:\/\/www.wakeupwinged.com\/de\/wp-json\/wp\/v2\/types\/page"}],"author":[{"embeddable":true,"href":"https:\/\/www.wakeupwinged.com\/de\/wp-json\/wp\/v2\/users\/1"}],"replies":[{"embeddable":true,"href":"https:\/\/www.wakeupwinged.com\/de\/wp-json\/wp\/v2\/comments?post=1726"}],"version-history":[{"count":25,"href":"https:\/\/www.wakeupwinged.com\/de\/wp-json\/wp\/v2\/pages\/1726\/revisions"}],"predecessor-version":[{"id":2661,"href":"https:\/\/www.wakeupwinged.com\/de\/wp-json\/wp\/v2\/pages\/1726\/revisions\/2661"}],"wp:attachment":[{"href":"https:\/\/www.wakeupwinged.com\/de\/wp-json\/wp\/v2\/media?parent=1726"}],"curies":[{"name":"wp","href":"https:\/\/api.w.org\/{rel}","templated":true}]}}