{"id":1014,"date":"2024-06-14T15:38:38","date_gmt":"2024-06-14T15:38:38","guid":{"rendered":"https:\/\/www.wakeupwinged.com\/de\/?page_id=1014"},"modified":"2024-09-23T21:36:12","modified_gmt":"2024-09-23T21:36:12","slug":"online-hypnosetherapie-und-hypnocoaching","status":"publish","type":"page","link":"https:\/\/www.wakeupwinged.com\/de\/","title":{"rendered":"Online Hypnosetherapie und HypnoCoaching"},"content":{"rendered":"","protected":false},"excerpt":{"rendered":"","protected":false},"author":1,"featured_media":0,"parent":0,"menu_order":0,"comment_status":"closed","ping_status":"closed","template":"","meta":{"footnotes":""},"yoast_head":"<!-- This site is optimized with the Yoast SEO plugin v22.8 - https:\/\/yoast.com\/wordpress\/plugins\/seo\/ -->\n<title>Online Hypnosetherapie und HypnoCoaching - WakeUpWinged<\/title>\n<meta name=\"description\" content=\"Entdecke bei WakeUpWinged effektive Online-Hypnosetherapie und Hypnocoaching. Mit CBT-basierten Hypnosetechniken unterst\u00fctzen wir Dich dabei, \u00c4ngste, Stress und Blockaden zu l\u00f6sen und Dein volles Potenzial zu entfalten. Starte jetzt Deinen Weg zu mehr innerer St\u00e4rke und Balance!\" \/>\n<meta name=\"robots\" content=\"index, follow, max-snippet:-1, max-image-preview:large, max-video-preview:-1\" \/>\n<link rel=\"canonical\" href=\"https:\/\/www.wakeupwinged.com\/de\/\" \/>\n<meta property=\"og:locale\" content=\"de_DE\" \/>\n<meta property=\"og:type\" content=\"article\" \/>\n<meta property=\"og:title\" content=\"Online Hypnosetherapie und HypnoCoaching - WakeUpWinged\" \/>\n<meta property=\"og:description\" content=\"Entdecke bei WakeUpWinged effektive Online-Hypnosetherapie und Hypnocoaching. Mit CBT-basierten Hypnosetechniken unterst\u00fctzen wir Dich dabei, \u00c4ngste, Stress und Blockaden zu l\u00f6sen und Dein volles Potenzial zu entfalten. Starte jetzt Deinen Weg zu mehr innerer St\u00e4rke und Balance!\" \/>\n<meta property=\"og:url\" content=\"https:\/\/www.wakeupwinged.com\/de\/\" \/>\n<meta property=\"og:site_name\" content=\"WakeUpWinged\" \/>\n<meta property=\"article:modified_time\" content=\"2024-09-23T21:36:12+00:00\" \/>\n<meta name=\"twitter:card\" content=\"summary_large_image\" \/>\n<script type=\"application\/ld+json\" class=\"yoast-schema-graph\">{\"@context\":\"https:\/\/schema.org\",\"@graph\":[{\"@type\":\"WebPage\",\"@id\":\"https:\/\/www.wakeupwinged.com\/de\/\",\"url\":\"https:\/\/www.wakeupwinged.com\/de\/\",\"name\":\"Online Hypnosetherapie und HypnoCoaching - WakeUpWinged\",\"isPartOf\":{\"@id\":\"https:\/\/www.wakeupwinged.com\/de\/#website\"},\"datePublished\":\"2024-06-14T15:38:38+00:00\",\"dateModified\":\"2024-09-23T21:36:12+00:00\",\"description\":\"Entdecke bei WakeUpWinged effektive Online-Hypnosetherapie und Hypnocoaching. Mit CBT-basierten Hypnosetechniken unterst\u00fctzen wir Dich dabei, \u00c4ngste, Stress und Blockaden zu l\u00f6sen und Dein volles Potenzial zu entfalten. Starte jetzt Deinen Weg zu mehr innerer St\u00e4rke und Balance!\",\"breadcrumb\":{\"@id\":\"https:\/\/www.wakeupwinged.com\/de\/#breadcrumb\"},\"inLanguage\":\"de\",\"potentialAction\":[{\"@type\":\"ReadAction\",\"target\":[\"https:\/\/www.wakeupwinged.com\/de\/\"]}]},{\"@type\":\"BreadcrumbList\",\"@id\":\"https:\/\/www.wakeupwinged.com\/de\/#breadcrumb\",\"itemListElement\":[{\"@type\":\"ListItem\",\"position\":1,\"name\":\"Startseite\",\"item\":\"https:\/\/www.wakeupwinged.com\/de\/\"},{\"@type\":\"ListItem\",\"position\":2,\"name\":\"Online Hypnosetherapie und HypnoCoaching\"}]},{\"@type\":\"WebSite\",\"@id\":\"https:\/\/www.wakeupwinged.com\/de\/#website\",\"url\":\"https:\/\/www.wakeupwinged.com\/de\/\",\"name\":\"WakeUpWinged\",\"description\":\"Erhebende Hypnotherapy\",\"publisher\":{\"@id\":\"https:\/\/www.wakeupwinged.com\/de\/#organization\"},\"potentialAction\":[{\"@type\":\"SearchAction\",\"target\":{\"@type\":\"EntryPoint\",\"urlTemplate\":\"https:\/\/www.wakeupwinged.com\/de\/?s={search_term_string}\"},\"query-input\":\"required name=search_term_string\"}],\"inLanguage\":\"de\"},{\"@type\":\"Organization\",\"@id\":\"https:\/\/www.wakeupwinged.com\/de\/#organization\",\"name\":\"WakeUpWinged\",\"url\":\"https:\/\/www.wakeupwinged.com\/de\/\",\"logo\":{\"@type\":\"ImageObject\",\"inLanguage\":\"de\",\"@id\":\"https:\/\/www.wakeupwinged.com\/de\/#\/schema\/logo\/image\/\",\"url\":\"https:\/\/www.wakeupwinged.com\/de\/wp-content\/uploads\/sites\/2\/2024\/06\/Logo-150.png\",\"contentUrl\":\"https:\/\/www.wakeupwinged.com\/de\/wp-content\/uploads\/sites\/2\/2024\/06\/Logo-150.png\",\"width\":150,\"height\":150,\"caption\":\"WakeUpWinged\"},\"image\":{\"@id\":\"https:\/\/www.wakeupwinged.com\/de\/#\/schema\/logo\/image\/\"}}]}<\/script>\n<!-- \/ Yoast SEO plugin. -->","yoast_head_json":{"title":"Online Hypnosetherapie und HypnoCoaching - WakeUpWinged","description":"Entdecke bei WakeUpWinged effektive Online-Hypnosetherapie und Hypnocoaching. Mit CBT-basierten Hypnosetechniken unterst\u00fctzen wir Dich dabei, \u00c4ngste, Stress und Blockaden zu l\u00f6sen und Dein volles Potenzial zu entfalten. Starte jetzt Deinen Weg zu mehr innerer St\u00e4rke und Balance!","robots":{"index":"index","follow":"follow","max-snippet":"max-snippet:-1","max-image-preview":"max-image-preview:large","max-video-preview":"max-video-preview:-1"},"canonical":"https:\/\/www.wakeupwinged.com\/de\/","og_locale":"de_DE","og_type":"article","og_title":"Online Hypnosetherapie und HypnoCoaching - WakeUpWinged","og_description":"Entdecke bei WakeUpWinged effektive Online-Hypnosetherapie und Hypnocoaching. Mit CBT-basierten Hypnosetechniken unterst\u00fctzen wir Dich dabei, \u00c4ngste, Stress und Blockaden zu l\u00f6sen und Dein volles Potenzial zu entfalten. Starte jetzt Deinen Weg zu mehr innerer St\u00e4rke und Balance!","og_url":"https:\/\/www.wakeupwinged.com\/de\/","og_site_name":"WakeUpWinged","article_modified_time":"2024-09-23T21:36:12+00:00","twitter_card":"summary_large_image","schema":{"@context":"https:\/\/schema.org","@graph":[{"@type":"WebPage","@id":"https:\/\/www.wakeupwinged.com\/de\/","url":"https:\/\/www.wakeupwinged.com\/de\/","name":"Online Hypnosetherapie und HypnoCoaching - WakeUpWinged","isPartOf":{"@id":"https:\/\/www.wakeupwinged.com\/de\/#website"},"datePublished":"2024-06-14T15:38:38+00:00","dateModified":"2024-09-23T21:36:12+00:00","description":"Entdecke bei WakeUpWinged effektive Online-Hypnosetherapie und Hypnocoaching. Mit CBT-basierten Hypnosetechniken unterst\u00fctzen wir Dich dabei, \u00c4ngste, Stress und Blockaden zu l\u00f6sen und Dein volles Potenzial zu entfalten. Starte jetzt Deinen Weg zu mehr innerer St\u00e4rke und Balance!","breadcrumb":{"@id":"https:\/\/www.wakeupwinged.com\/de\/#breadcrumb"},"inLanguage":"de","potentialAction":[{"@type":"ReadAction","target":["https:\/\/www.wakeupwinged.com\/de\/"]}]},{"@type":"BreadcrumbList","@id":"https:\/\/www.wakeupwinged.com\/de\/#breadcrumb","itemListElement":[{"@type":"ListItem","position":1,"name":"Startseite","item":"https:\/\/www.wakeupwinged.com\/de\/"},{"@type":"ListItem","position":2,"name":"Online Hypnosetherapie und HypnoCoaching"}]},{"@type":"WebSite","@id":"https:\/\/www.wakeupwinged.com\/de\/#website","url":"https:\/\/www.wakeupwinged.com\/de\/","name":"WakeUpWinged","description":"Erhebende Hypnotherapy","publisher":{"@id":"https:\/\/www.wakeupwinged.com\/de\/#organization"},"potentialAction":[{"@type":"SearchAction","target":{"@type":"EntryPoint","urlTemplate":"https:\/\/www.wakeupwinged.com\/de\/?s={search_term_string}"},"query-input":"required name=search_term_string"}],"inLanguage":"de"},{"@type":"Organization","@id":"https:\/\/www.wakeupwinged.com\/de\/#organization","name":"WakeUpWinged","url":"https:\/\/www.wakeupwinged.com\/de\/","logo":{"@type":"ImageObject","inLanguage":"de","@id":"https:\/\/www.wakeupwinged.com\/de\/#\/schema\/logo\/image\/","url":"https:\/\/www.wakeupwinged.com\/de\/wp-content\/uploads\/sites\/2\/2024\/06\/Logo-150.png","contentUrl":"https:\/\/www.wakeupwinged.com\/de\/wp-content\/uploads\/sites\/2\/2024\/06\/Logo-150.png","width":150,"height":150,"caption":"WakeUpWinged"},"image":{"@id":"https:\/\/www.wakeupwinged.com\/de\/#\/schema\/logo\/image\/"}}]}},"_links":{"self":[{"href":"https:\/\/www.wakeupwinged.com\/de\/wp-json\/wp\/v2\/pages\/1014"}],"collection":[{"href":"https:\/\/www.wakeupwinged.com\/de\/wp-json\/wp\/v2\/pages"}],"about":[{"href":"https:\/\/www.wakeupwinged.com\/de\/wp-json\/wp\/v2\/types\/page"}],"author":[{"embeddable":true,"href":"https:\/\/www.wakeupwinged.com\/de\/wp-json\/wp\/v2\/users\/1"}],"replies":[{"embeddable":true,"href":"https:\/\/www.wakeupwinged.com\/de\/wp-json\/wp\/v2\/comments?post=1014"}],"version-history":[{"count":3,"href":"https:\/\/www.wakeupwinged.com\/de\/wp-json\/wp\/v2\/pages\/1014\/revisions"}],"predecessor-version":[{"id":2004,"href":"https:\/\/www.wakeupwinged.com\/de\/wp-json\/wp\/v2\/pages\/1014\/revisions\/2004"}],"wp:attachment":[{"href":"https:\/\/www.wakeupwinged.com\/de\/wp-json\/wp\/v2\/media?parent=1014"}],"curies":[{"name":"wp","href":"https:\/\/api.w.org\/{rel}","templated":true}]}}